{"id":151432,"date":"2018-04-18T11:59:36","date_gmt":"2018-04-18T15:59:36","guid":{"rendered":"https:\/\/colobar.ca\/produits\/uncategorized\/sansin-multi-wash-concentrated-biodegradable-cleaner\/"},"modified":"2026-04-10T15:37:02","modified_gmt":"2026-04-10T19:37:02","slug":"sansin-multi-wash-concentrated-biodegradable-cleaner","status":"publish","type":"product","link":"https:\/\/colobar.ca\/en\/produits\/wood-treatment\/cleaners\/sansin-multi-wash-concentrated-biodegradable-cleaner\/","title":{"rendered":"Sansin Multi-Wash &#8211; Concentrated biodegradable cleaner"},"content":{"rendered":"[vc_row type=&#8221;in_container&#8221; full_screen_row_position=&#8221;middle&#8221; column_margin=&#8221;default&#8221; column_direction=&#8221;default&#8221; column_direction_tablet=&#8221;default&#8221; column_direction_phone=&#8221;default&#8221; scene_position=&#8221;center&#8221; text_color=&#8221;dark&#8221; text_align=&#8221;left&#8221; row_border_radius=&#8221;none&#8221; row_border_radius_applies=&#8221;bg&#8221; row_position_desktop=&#8221;default&#8221; row_position_tablet=&#8221;inherit&#8221; row_position_phone=&#8221;inherit&#8221; overflow=&#8221;visible&#8221; id=&#8221;information&#8221; advanced_gradient_angle=&#8221;0&#8243; overlay_strength=&#8221;0.3&#8243; gradient_direction=&#8221;left_to_right&#8221; shape_divider_position=&#8221;bottom&#8221; bg_image_animation=&#8221;none&#8221; gradient_type=&#8221;default&#8221; shape_type=&#8221;&#8221;][vc_column column_padding=&#8221;no-extra-padding&#8221; column_padding_tablet=&#8221;inherit&#8221; column_padding_phone=&#8221;inherit&#8221; column_padding_position=&#8221;all&#8221; flex_gap_desktop=&#8221;10px&#8221; column_element_direction_desktop=&#8221;default&#8221; column_element_spacing=&#8221;default&#8221; desktop_text_alignment=&#8221;default&#8221; tablet_text_alignment=&#8221;default&#8221; phone_text_alignment=&#8221;default&#8221; background_color_opacity=&#8221;1&#8243; background_hover_color_opacity=&#8221;1&#8243; column_backdrop_filter=&#8221;none&#8221; column_shadow=&#8221;none&#8221; column_border_radius=&#8221;none&#8221; column_link_target=&#8221;_self&#8221; column_position=&#8221;default&#8221; gradient_direction=&#8221;left_to_right&#8221; overlay_strength=&#8221;0.3&#8243; width=&#8221;1\/2&#8243; tablet_width_inherit=&#8221;default&#8221; animation_type=&#8221;default&#8221; bg_image_animation=&#8221;none&#8221; border_type=&#8221;simple&#8221; column_border_width=&#8221;none&#8221; column_border_style=&#8221;solid&#8221;][vc_column_text]\n<p style=\"text-align: justify;\">Sansin Multi-Wash is a concentrated biodegradable cleaner to be diluted. It cleans almost any surface and removes mildew, dirt, rust marks, etc. Sansin Multi-Wash cleans painted or stained wood surfaces such as decks, fences, and siding. Can be used on vinyl, fiberglass, concrete, stone, and masonry surfaces. Simply apply diluted Sansin Multi-Wash to the surface and let it soak in for at least five minutes. Then rinse thoroughly using a pressure washer or garden hose and watch your surface regain its shine. In its concentrated form, Sansin Multi-Wash can be used directly as a detergent in pressure washers.      <\/p>\n<h3 style=\"text-align: justify;\">Features of Sansin Multi-Wash cleaner<\/h3>\n<ul>\n<li>\n<div style=\"text-align: justify;\">Biodegradable<\/div>\n<\/li>\n<li>\n<div style=\"text-align: justify;\">Made in Canada<\/div>\n<\/li>\n<li>\n<div style=\"text-align: justify;\">LOW VOC<\/div>\n<\/li>\n<li>\n<div style=\"text-align: justify;\">Covers approx. 100 to 200 sq ft\/gal (undiluted) or up to 2,400 sq ft when diluted<\/div>\n<\/li>\n<li>\n<div style=\"text-align: justify;\">Available in a 1-gallon container (3.78 L)<\/div>\n<\/li>\n<\/ul>\n<h3 style=\"text-align: justify;\">Surface preparation<\/h3>\n<ul>\n<li>\n<div style=\"text-align: justify;\">The surface must be dry<\/div>\n<\/li>\n<li>\n<div style=\"text-align: justify;\">Temperature must be above 10\u00b0C and ideally below 25\u00b0C<\/div>\n<\/li>\n<li>\n<div style=\"text-align: justify;\">Wet vegetation with water or protect with a tarp during application<\/div>\n<\/li>\n<li>\n<div style=\"text-align: justify;\">Protect surrounding surfaces with polyethylene sheeting<\/div>\n<\/li>\n<li>\n<div style=\"text-align: justify;\">Do not allow this product to come into contact with metal, fabrics, flooring, or patio furniture<\/div>\n<\/li>\n<li>\n<div style=\"text-align: justify;\">Keep children and pets away from the work area<\/div>\n<\/li>\n<\/ul>\n<h3 style=\"text-align: justify;\">Applying Sansin Multi-Wash cleaner<\/h3>\n<ul>\n<li>\n<div style=\"text-align: justify;\">Apply an even coat by spraying, roller, brush, or with a pressure washer<\/div>\n<\/li>\n<li>\n<div style=\"text-align: justify;\">On vertical surfaces, start at the bottom and work up, avoiding runs<\/div>\n<\/li>\n<li>\n<div style=\"text-align: justify;\">Do not let the product dry (avoid working in direct, intense sunlight or when the surface is very hot)<\/div>\n<\/li>\n<li>\n<div style=\"text-align: justify;\">Mist the product with water occasionally to keep it active<\/div>\n<\/li>\n<li>\n<div style=\"text-align: justify;\">During dwell time, you may scrub the wood with a deck brush in the direction of the wood grain<\/div>\n<\/li>\n<li>\n<div style=\"text-align: justify;\">Rinse the surface thoroughly using a garden hose or a pressure washer that delivers clean water<\/div>\n<\/li>\n<\/ul>\n<h3 style=\"text-align: justify;\">Dilution:<\/h3>\n<ul>\n<li>\n<div style=\"text-align: justify;\">12:1 For occasional maintenance of wood decks or other exterior surfaces<\/div>\n<\/li>\n<li>\n<div style=\"text-align: justify;\">5:1 For cleaning before applying a maintenance coat on surfaces to be stained or painted<\/div>\n<\/li>\n<li>\n<div style=\"text-align: justify;\">2:1 For removing stubborn stains, mildew, or heavy dirt<\/div>\n<\/li>\n<li>\n<div style=\"text-align: justify;\">Mix in a plastic bucket or use directly in a pressure washer<\/div>\n<\/li>\n<\/ul>\n[\/vc_column_text][\/vc_column][vc_column column_padding=&#8221;no-extra-padding&#8221; column_padding_tablet=&#8221;inherit&#8221; column_padding_phone=&#8221;inherit&#8221; column_padding_position=&#8221;all&#8221; flex_gap_desktop=&#8221;10px&#8221; column_element_direction_desktop=&#8221;default&#8221; column_element_spacing=&#8221;default&#8221; desktop_text_alignment=&#8221;default&#8221; tablet_text_alignment=&#8221;default&#8221; phone_text_alignment=&#8221;default&#8221; background_color_opacity=&#8221;1&#8243; background_hover_color_opacity=&#8221;1&#8243; column_backdrop_filter=&#8221;none&#8221; column_shadow=&#8221;none&#8221; column_border_radius=&#8221;none&#8221; column_link_target=&#8221;_self&#8221; column_position=&#8221;default&#8221; gradient_direction=&#8221;left_to_right&#8221; overlay_strength=&#8221;0.3&#8243; width=&#8221;1\/2&#8243; tablet_width_inherit=&#8221;default&#8221; animation_type=&#8221;default&#8221; bg_image_animation=&#8221;none&#8221; border_type=&#8221;simple&#8221; column_border_width=&#8221;none&#8221; column_border_style=&#8221;solid&#8221;][vc_custom_heading text=&#8221;Product description&#8221; font_container=&#8221;tag:h2|text_align:center|color:#000000&#8243; use_theme_fonts=&#8221;yes&#8221; css=&#8221;.vc_custom_1444833168830{padding-bottom: 20px !important;}&#8221;][vc_video link=&#8221;https:\/\/www.youtube.com\/watch?v=YKbO6HXK7Yk&#8221; el_width=&#8221;90&#8243; align=&#8221;center&#8221;][vc_custom_heading text=&#8221;See the product in action&#8221; font_container=&#8221;tag:h2|text_align:center|color:#000000&#8243; use_theme_fonts=&#8221;yes&#8221; css=&#8221;.vc_custom_1444836702721{padding-top: 30px !important;padding-bottom: 20px !important;}&#8221;][vc_video link=&#8221;https:\/\/www.youtube.com\/watch?v=5PiNMK9zS_s&#8221; el_width=&#8221;90&#8243; align=&#8221;center&#8221;][\/vc_column][\/vc_row]\n","protected":false},"excerpt":{"rendered":"<ul>\n<li>Eco-friendly product<\/li>\n<li>\n<div>Biodegradable<\/div>\n<\/li>\n<li>\n<div>Made in Canada<\/div>\n<\/li>\n<li>\n<div>LOW VOC<\/div>\n<\/li>\n<li>\n<div>Covers approx. 100 to 200 sq ft\/gal (undiluted) or up to 2,400 sq ft when diluted<\/div>\n<\/li>\n<li>\n<div>Available in a 1-gallon container (3.78 L)<\/div>\n<\/li>\n<\/ul>\n<p>[icon color=\"Accent-Color\" size=\"small\" icon_size=\"\" image=\"fa-truck\"] Estimated delivery: 3\u20134 business days<\/p>\n<p>[icon color=\"Accent-Color\" size=\"small\" icon_size=\"\" image=\"fa-map-marker\"] In-store pickup available<\/p>\n","protected":false},"featured_media":151435,"comment_status":"open","ping_status":"closed","template":"","meta":{"_monsterinsights_skip_tracking":false,"_monsterinsights_sitenote_active":false,"_monsterinsights_sitenote_note":"","_monsterinsights_sitenote_category":0},"product_brand":[],"product_cat":[12740,12433],"product_tag":[12741,12435,12437,12496,12440,12438,12439,12436],"class_list":{"0":"post-151432","1":"product","2":"type-product","3":"status-publish","4":"has-post-thumbnail","6":"product_cat-cleaners","7":"product_cat-exterior-stain","8":"product_tag-cleaner","9":"product_tag-eco-friendly","10":"product_tag-exterior","11":"product_tag-fb_not_sync_og","12":"product_tag-ogshipping1","13":"product_tag-sansin","14":"product_tag-stain","15":"product_tag-wood","16":"pa_marques-sansin","18":"first","19":"instock","20":"taxable","21":"shipping-taxable","22":"purchasable","23":"product-type-simple"},"exclude_global_add_ons":[],"addons":[],"yoast_head":"<!-- This site is optimized with the Yoast SEO Premium plugin v27.3 (Yoast SEO v27.3) - https:\/\/yoast.com\/product\/yoast-seo-premium-wordpress\/ -->\n<title>Sansin Multi-Wash - Concentrated biodegradable cleaner<\/title>\n<meta name=\"description\" content=\"Sansin Multi-Wash is a concentrated biodegradable cleaner for exterior surfaces, including stained wood. Removes stains and mildew. Buy now!\" \/>\n<meta name=\"robots\" content=\"index, follow, max-snippet:-1, max-image-preview:large, max-video-preview:-1\" \/>\n<link rel=\"canonical\" href=\"https:\/\/colobar.ca\/en\/produits\/wood-treatment\/cleaners\/sansin-multi-wash-concentrated-biodegradable-cleaner\/\" \/>\n<meta property=\"og:locale\" content=\"en_US\" \/>\n<meta property=\"og:type\" content=\"article\" \/>\n<meta property=\"og:title\" content=\"Sansin Multi-Wash - Concentrated biodegradable cleaner\" \/>\n<meta property=\"og:description\" content=\"Eco-friendly product  Biodegradable  Made in Canada  LOW VOC  Covers approx. 100 to 200 sq ft\/gal (undiluted) or up to 2,400 sq ft when diluted  Available in a 1-gallon container (3.78 L)  Estimated delivery: 3\u20134 business days  In-store pickup available\" \/>\n<meta property=\"og:url\" content=\"https:\/\/colobar.ca\/en\/produits\/wood-treatment\/cleaners\/sansin-multi-wash-concentrated-biodegradable-cleaner\/\" \/>\n<meta property=\"og:site_name\" content=\"Colobar\" \/>\n<meta property=\"article:publisher\" content=\"https:\/\/www.facebook.com\/colobar\/\" \/>\n<meta property=\"article:modified_time\" content=\"2026-04-10T19:37:02+00:00\" \/>\n<meta property=\"og:image\" content=\"https:\/\/colobar.ca\/wp-content\/uploads\/sansin-multiwash-nettoyant-bois-exterieur.jpg\" \/>\n\t<meta property=\"og:image:width\" content=\"600\" \/>\n\t<meta property=\"og:image:height\" content=\"600\" \/>\n\t<meta property=\"og:image:type\" content=\"image\/jpeg\" \/>\n<meta name=\"twitter:label1\" content=\"Price\" \/>\n\t<meta name=\"twitter:data1\" content=\"45,99&nbsp;&#036;\" \/>\n\t<meta name=\"twitter:label2\" content=\"Availability\" \/>\n\t<meta name=\"twitter:data2\" content=\"In stock\" \/>\n<script type=\"application\/ld+json\" class=\"yoast-schema-graph\">{\"@context\":\"https:\\\/\\\/schema.org\",\"@graph\":[{\"@type\":[\"WebPage\",\"ItemPage\"],\"@id\":\"https:\\\/\\\/colobar.ca\\\/en\\\/produits\\\/wood-treatment\\\/cleaners\\\/sansin-multi-wash-concentrated-biodegradable-cleaner\\\/\",\"url\":\"https:\\\/\\\/colobar.ca\\\/en\\\/produits\\\/wood-treatment\\\/cleaners\\\/sansin-multi-wash-concentrated-biodegradable-cleaner\\\/\",\"name\":\"Sansin Multi-Wash - Concentrated biodegradable cleaner\",\"isPartOf\":{\"@id\":\"https:\\\/\\\/colobar.ca\\\/en\\\/#website\"},\"primaryImageOfPage\":{\"@id\":\"https:\\\/\\\/colobar.ca\\\/en\\\/produits\\\/wood-treatment\\\/cleaners\\\/sansin-multi-wash-concentrated-biodegradable-cleaner\\\/#primaryimage\"},\"image\":{\"@id\":\"https:\\\/\\\/colobar.ca\\\/en\\\/produits\\\/wood-treatment\\\/cleaners\\\/sansin-multi-wash-concentrated-biodegradable-cleaner\\\/#primaryimage\"},\"thumbnailUrl\":\"https:\\\/\\\/colobar.ca\\\/wp-content\\\/uploads\\\/sansin-multiwash-nettoyant-bois-exterieur.jpg\",\"datePublished\":\"2018-04-18T15:59:36+00:00\",\"dateModified\":\"2026-04-10T19:37:02+00:00\",\"description\":\"Sansin Multi-Wash is a concentrated biodegradable cleaner for exterior surfaces, including stained wood. Removes stains and mildew. Buy now!\",\"breadcrumb\":{\"@id\":\"https:\\\/\\\/colobar.ca\\\/en\\\/produits\\\/wood-treatment\\\/cleaners\\\/sansin-multi-wash-concentrated-biodegradable-cleaner\\\/#breadcrumb\"},\"inLanguage\":\"en-US\",\"potentialAction\":[{\"@type\":\"ReadAction\",\"target\":[\"https:\\\/\\\/colobar.ca\\\/en\\\/produits\\\/wood-treatment\\\/cleaners\\\/sansin-multi-wash-concentrated-biodegradable-cleaner\\\/\"]}]},{\"@type\":\"ImageObject\",\"inLanguage\":\"en-US\",\"@id\":\"https:\\\/\\\/colobar.ca\\\/en\\\/produits\\\/wood-treatment\\\/cleaners\\\/sansin-multi-wash-concentrated-biodegradable-cleaner\\\/#primaryimage\",\"url\":\"https:\\\/\\\/colobar.ca\\\/wp-content\\\/uploads\\\/sansin-multiwash-nettoyant-bois-exterieur.jpg\",\"contentUrl\":\"https:\\\/\\\/colobar.ca\\\/wp-content\\\/uploads\\\/sansin-multiwash-nettoyant-bois-exterieur.jpg\",\"width\":600,\"height\":600},{\"@type\":\"BreadcrumbList\",\"@id\":\"https:\\\/\\\/colobar.ca\\\/en\\\/produits\\\/wood-treatment\\\/cleaners\\\/sansin-multi-wash-concentrated-biodegradable-cleaner\\\/#breadcrumb\",\"itemListElement\":[{\"@type\":\"ListItem\",\"position\":1,\"name\":\"Shop\",\"item\":\"https:\\\/\\\/colobar.ca\\\/en\\\/shop\\\/\"},{\"@type\":\"ListItem\",\"position\":2,\"name\":\"Sansin Multi-Wash &#8211; Concentrated biodegradable cleaner\"}]},{\"@type\":\"WebSite\",\"@id\":\"https:\\\/\\\/colobar.ca\\\/en\\\/#website\",\"url\":\"https:\\\/\\\/colobar.ca\\\/en\\\/\",\"name\":\"Colobar\",\"description\":\"Painting and Decorating for Individuals and Businesses\",\"publisher\":{\"@id\":\"https:\\\/\\\/colobar.ca\\\/en\\\/#organization\"},\"potentialAction\":[{\"@type\":\"SearchAction\",\"target\":{\"@type\":\"EntryPoint\",\"urlTemplate\":\"https:\\\/\\\/colobar.ca\\\/en\\\/?s={search_term_string}\"},\"query-input\":{\"@type\":\"PropertyValueSpecification\",\"valueRequired\":true,\"valueName\":\"search_term_string\"}}],\"inLanguage\":\"en-US\"},{\"@type\":[\"Organization\",\"Place\",\"HomeAndConstructionBusiness\"],\"@id\":\"https:\\\/\\\/colobar.ca\\\/en\\\/#organization\",\"name\":\"Colobar\",\"url\":\"https:\\\/\\\/colobar.ca\\\/en\\\/\",\"logo\":{\"@id\":\"https:\\\/\\\/colobar.ca\\\/en\\\/produits\\\/wood-treatment\\\/cleaners\\\/sansin-multi-wash-concentrated-biodegradable-cleaner\\\/#local-main-organization-logo\"},\"image\":{\"@id\":\"https:\\\/\\\/colobar.ca\\\/en\\\/produits\\\/wood-treatment\\\/cleaners\\\/sansin-multi-wash-concentrated-biodegradable-cleaner\\\/#local-main-organization-logo\"},\"sameAs\":[\"https:\\\/\\\/www.facebook.com\\\/colobar\\\/\",\"https:\\\/\\\/www.pinterest.ca\\\/colobar\\\/\",\"https:\\\/\\\/www.youtube.com\\\/colobartv\"],\"description\":\"Magasin de peinture & d\u00e9coration sp\u00e9cialis\u00e9 dans la peinture, traitement du bois, rev\u00eatement \u00e9poxy, et la d\u00e9coration. Designer sur place.\",\"legalName\":\"Colobar Peinture & D\u00e9coration\",\"foundingDate\":\"1959-10-01\",\"numberOfEmployees\":{\"@type\":\"QuantitativeValue\",\"minValue\":\"11\",\"maxValue\":\"50\"},\"hasMerchantReturnPolicy\":{\"@type\":\"MerchantReturnPolicy\",\"merchantReturnLink\":\"https:\\\/\\\/colobar.ca\\\/politiques-de-vente\\\/\"},\"address\":{\"@id\":\"https:\\\/\\\/colobar.ca\\\/en\\\/produits\\\/wood-treatment\\\/cleaners\\\/sansin-multi-wash-concentrated-biodegradable-cleaner\\\/#local-main-place-address\"},\"geo\":{\"@type\":\"GeoCoordinates\",\"latitude\":\"45.56725\",\"longitude\":\"-73.68827399999999\"},\"telephone\":[\"4506677200\",\"18446657200\"],\"contactPoint\":{\"@type\":\"ContactPoint\",\"telephone\":\"18446657200\",\"email\":\"info@colobar.ca\"},\"openingHoursSpecification\":[{\"@type\":\"OpeningHoursSpecification\",\"dayOfWeek\":[\"Monday\",\"Tuesday\",\"Wednesday\",\"Thursday\",\"Friday\"],\"opens\":\"09:00\",\"closes\":\"16:00\"},{\"@type\":\"OpeningHoursSpecification\",\"dayOfWeek\":[\"Saturday\",\"Sunday\"],\"opens\":\"00:00\",\"closes\":\"00:00\"}],\"email\":\"info@colobar.ca\",\"areaServed\":\"Grand Montr\u00e9al\",\"priceRange\":\"$$\",\"paymentAccepted\":\"Comptant, Visa, Mastercard, APPLE PAY\"},{\"@type\":\"PostalAddress\",\"@id\":\"https:\\\/\\\/colobar.ca\\\/en\\\/produits\\\/wood-treatment\\\/cleaners\\\/sansin-multi-wash-concentrated-biodegradable-cleaner\\\/#local-main-place-address\",\"streetAddress\":\"357 boul. des Laurentides\",\"addressLocality\":\"Laval\",\"postalCode\":\"H7G 2T9\",\"addressRegion\":\"Qu\u00e9bec\",\"addressCountry\":\"CA\"},{\"@type\":\"ImageObject\",\"inLanguage\":\"en-US\",\"@id\":\"https:\\\/\\\/colobar.ca\\\/en\\\/produits\\\/wood-treatment\\\/cleaners\\\/sansin-multi-wash-concentrated-biodegradable-cleaner\\\/#local-main-organization-logo\",\"url\":\"https:\\\/\\\/colobar.ca\\\/wp-content\\\/uploads\\\/cropped-logo-colobar-copy.png\",\"contentUrl\":\"https:\\\/\\\/colobar.ca\\\/wp-content\\\/uploads\\\/cropped-logo-colobar-copy.png\",\"width\":512,\"height\":512,\"caption\":\"Colobar\"}]}<\/script>\n<meta property=\"product:brand\" content=\"Sansin\" \/>\n<meta property=\"product:price:amount\" content=\"45.99\" \/>\n<meta property=\"product:price:currency\" content=\"CAD\" \/>\n<meta property=\"og:availability\" content=\"instock\" \/>\n<meta property=\"product:availability\" content=\"instock\" \/>\n<meta property=\"product:retailer_item_id\" content=\"624014814011\" \/>\n<meta property=\"product:condition\" content=\"new\" \/>\n<meta name=\"geo.placename\" content=\"Laval\" \/>\n<meta name=\"geo.position\" content=\"45.56725;-73.68827399999999\" \/>\n<meta name=\"geo.region\" content=\"Canada\" \/>\n<!-- \/ Yoast SEO Premium plugin. -->","yoast_head_json":{"title":"Sansin Multi-Wash - Concentrated biodegradable cleaner","description":"Sansin Multi-Wash is a concentrated biodegradable cleaner for exterior surfaces, including stained wood. Removes stains and mildew. Buy now!","robots":{"index":"index","follow":"follow","max-snippet":"max-snippet:-1","max-image-preview":"max-image-preview:large","max-video-preview":"max-video-preview:-1"},"canonical":"https:\/\/colobar.ca\/en\/produits\/wood-treatment\/cleaners\/sansin-multi-wash-concentrated-biodegradable-cleaner\/","og_locale":"en_US","og_type":"article","og_title":"Sansin Multi-Wash - Concentrated biodegradable cleaner","og_description":"Eco-friendly product  Biodegradable  Made in Canada  LOW VOC  Covers approx. 100 to 200 sq ft\/gal (undiluted) or up to 2,400 sq ft when diluted  Available in a 1-gallon container (3.78 L)  Estimated delivery: 3\u20134 business days  In-store pickup available","og_url":"https:\/\/colobar.ca\/en\/produits\/wood-treatment\/cleaners\/sansin-multi-wash-concentrated-biodegradable-cleaner\/","og_site_name":"Colobar","article_publisher":"https:\/\/www.facebook.com\/colobar\/","article_modified_time":"2026-04-10T19:37:02+00:00","og_image":[{"width":600,"height":600,"url":"https:\/\/colobar.ca\/wp-content\/uploads\/sansin-multiwash-nettoyant-bois-exterieur.jpg","type":"image\/jpeg"}],"twitter_misc":{"Price":"45,99&nbsp;&#36;","Availability":"In stock"},"schema":{"@context":"https:\/\/schema.org","@graph":[{"@type":["WebPage","ItemPage"],"@id":"https:\/\/colobar.ca\/en\/produits\/wood-treatment\/cleaners\/sansin-multi-wash-concentrated-biodegradable-cleaner\/","url":"https:\/\/colobar.ca\/en\/produits\/wood-treatment\/cleaners\/sansin-multi-wash-concentrated-biodegradable-cleaner\/","name":"Sansin Multi-Wash - Concentrated biodegradable cleaner","isPartOf":{"@id":"https:\/\/colobar.ca\/en\/#website"},"primaryImageOfPage":{"@id":"https:\/\/colobar.ca\/en\/produits\/wood-treatment\/cleaners\/sansin-multi-wash-concentrated-biodegradable-cleaner\/#primaryimage"},"image":{"@id":"https:\/\/colobar.ca\/en\/produits\/wood-treatment\/cleaners\/sansin-multi-wash-concentrated-biodegradable-cleaner\/#primaryimage"},"thumbnailUrl":"https:\/\/colobar.ca\/wp-content\/uploads\/sansin-multiwash-nettoyant-bois-exterieur.jpg","datePublished":"2018-04-18T15:59:36+00:00","dateModified":"2026-04-10T19:37:02+00:00","description":"Sansin Multi-Wash is a concentrated biodegradable cleaner for exterior surfaces, including stained wood. Removes stains and mildew. Buy now!","breadcrumb":{"@id":"https:\/\/colobar.ca\/en\/produits\/wood-treatment\/cleaners\/sansin-multi-wash-concentrated-biodegradable-cleaner\/#breadcrumb"},"inLanguage":"en-US","potentialAction":[{"@type":"ReadAction","target":["https:\/\/colobar.ca\/en\/produits\/wood-treatment\/cleaners\/sansin-multi-wash-concentrated-biodegradable-cleaner\/"]}]},{"@type":"ImageObject","inLanguage":"en-US","@id":"https:\/\/colobar.ca\/en\/produits\/wood-treatment\/cleaners\/sansin-multi-wash-concentrated-biodegradable-cleaner\/#primaryimage","url":"https:\/\/colobar.ca\/wp-content\/uploads\/sansin-multiwash-nettoyant-bois-exterieur.jpg","contentUrl":"https:\/\/colobar.ca\/wp-content\/uploads\/sansin-multiwash-nettoyant-bois-exterieur.jpg","width":600,"height":600},{"@type":"BreadcrumbList","@id":"https:\/\/colobar.ca\/en\/produits\/wood-treatment\/cleaners\/sansin-multi-wash-concentrated-biodegradable-cleaner\/#breadcrumb","itemListElement":[{"@type":"ListItem","position":1,"name":"Shop","item":"https:\/\/colobar.ca\/en\/shop\/"},{"@type":"ListItem","position":2,"name":"Sansin Multi-Wash &#8211; Concentrated biodegradable cleaner"}]},{"@type":"WebSite","@id":"https:\/\/colobar.ca\/en\/#website","url":"https:\/\/colobar.ca\/en\/","name":"Colobar","description":"Painting and Decorating for Individuals and Businesses","publisher":{"@id":"https:\/\/colobar.ca\/en\/#organization"},"potentialAction":[{"@type":"SearchAction","target":{"@type":"EntryPoint","urlTemplate":"https:\/\/colobar.ca\/en\/?s={search_term_string}"},"query-input":{"@type":"PropertyValueSpecification","valueRequired":true,"valueName":"search_term_string"}}],"inLanguage":"en-US"},{"@type":["Organization","Place","HomeAndConstructionBusiness"],"@id":"https:\/\/colobar.ca\/en\/#organization","name":"Colobar","url":"https:\/\/colobar.ca\/en\/","logo":{"@id":"https:\/\/colobar.ca\/en\/produits\/wood-treatment\/cleaners\/sansin-multi-wash-concentrated-biodegradable-cleaner\/#local-main-organization-logo"},"image":{"@id":"https:\/\/colobar.ca\/en\/produits\/wood-treatment\/cleaners\/sansin-multi-wash-concentrated-biodegradable-cleaner\/#local-main-organization-logo"},"sameAs":["https:\/\/www.facebook.com\/colobar\/","https:\/\/www.pinterest.ca\/colobar\/","https:\/\/www.youtube.com\/colobartv"],"description":"Magasin de peinture & d\u00e9coration sp\u00e9cialis\u00e9 dans la peinture, traitement du bois, rev\u00eatement \u00e9poxy, et la d\u00e9coration. Designer sur place.","legalName":"Colobar Peinture & D\u00e9coration","foundingDate":"1959-10-01","numberOfEmployees":{"@type":"QuantitativeValue","minValue":"11","maxValue":"50"},"hasMerchantReturnPolicy":{"@type":"MerchantReturnPolicy","merchantReturnLink":"https:\/\/colobar.ca\/politiques-de-vente\/"},"address":{"@id":"https:\/\/colobar.ca\/en\/produits\/wood-treatment\/cleaners\/sansin-multi-wash-concentrated-biodegradable-cleaner\/#local-main-place-address"},"geo":{"@type":"GeoCoordinates","latitude":"45.56725","longitude":"-73.68827399999999"},"telephone":["4506677200","18446657200"],"contactPoint":{"@type":"ContactPoint","telephone":"18446657200","email":"info@colobar.ca"},"openingHoursSpecification":[{"@type":"OpeningHoursSpecification","dayOfWeek":["Monday","Tuesday","Wednesday","Thursday","Friday"],"opens":"09:00","closes":"16:00"},{"@type":"OpeningHoursSpecification","dayOfWeek":["Saturday","Sunday"],"opens":"00:00","closes":"00:00"}],"email":"info@colobar.ca","areaServed":"Grand Montr\u00e9al","priceRange":"$$","paymentAccepted":"Comptant, Visa, Mastercard, APPLE PAY"},{"@type":"PostalAddress","@id":"https:\/\/colobar.ca\/en\/produits\/wood-treatment\/cleaners\/sansin-multi-wash-concentrated-biodegradable-cleaner\/#local-main-place-address","streetAddress":"357 boul. des Laurentides","addressLocality":"Laval","postalCode":"H7G 2T9","addressRegion":"Qu\u00e9bec","addressCountry":"CA"},{"@type":"ImageObject","inLanguage":"en-US","@id":"https:\/\/colobar.ca\/en\/produits\/wood-treatment\/cleaners\/sansin-multi-wash-concentrated-biodegradable-cleaner\/#local-main-organization-logo","url":"https:\/\/colobar.ca\/wp-content\/uploads\/cropped-logo-colobar-copy.png","contentUrl":"https:\/\/colobar.ca\/wp-content\/uploads\/cropped-logo-colobar-copy.png","width":512,"height":512,"caption":"Colobar"}]},"product_brand":"Sansin","product_price_amount":"45.99","product_price_currency":"CAD","og_availability":"instock","product_availability":"instock","product_retailer_item_id":"624014814011","product_condition":"new","geo.placename":"Laval","geo.position":{"lat":"45.56725","long":"-73.68827399999999"},"geo.region":"Canada"},"_links":{"self":[{"href":"https:\/\/colobar.ca\/en\/wp-json\/wp\/v2\/product\/151432","targetHints":{"allow":["GET"]}}],"collection":[{"href":"https:\/\/colobar.ca\/en\/wp-json\/wp\/v2\/product"}],"about":[{"href":"https:\/\/colobar.ca\/en\/wp-json\/wp\/v2\/types\/product"}],"replies":[{"embeddable":true,"href":"https:\/\/colobar.ca\/en\/wp-json\/wp\/v2\/comments?post=151432"}],"wp:featuredmedia":[{"embeddable":true,"href":"https:\/\/colobar.ca\/en\/wp-json\/wp\/v2\/media\/151435"}],"wp:attachment":[{"href":"https:\/\/colobar.ca\/en\/wp-json\/wp\/v2\/media?parent=151432"}],"wp:term":[{"taxonomy":"product_brand","embeddable":true,"href":"https:\/\/colobar.ca\/en\/wp-json\/wp\/v2\/product_brand?post=151432"},{"taxonomy":"product_cat","embeddable":true,"href":"https:\/\/colobar.ca\/en\/wp-json\/wp\/v2\/product_cat?post=151432"},{"taxonomy":"product_tag","embeddable":true,"href":"https:\/\/colobar.ca\/en\/wp-json\/wp\/v2\/product_tag?post=151432"}],"curies":[{"name":"wp","href":"https:\/\/api.w.org\/{rel}","templated":true}]}}