{"id":153298,"date":"2018-04-18T11:59:22","date_gmt":"2018-04-18T15:59:22","guid":{"rendered":"https:\/\/colobar.ca\/produits\/uncategorized\/24-inch-epoxy-squeegee\/"},"modified":"2026-04-22T09:38:07","modified_gmt":"2026-04-22T13:38:07","slug":"24-inch-epoxy-squeegee","status":"publish","type":"product","link":"https:\/\/colobar.ca\/en\/produits\/pro-section\/epoxy-applicator\/professional-epoxy-accessories\/24-inch-epoxy-squeegee\/","title":{"rendered":"24-inch epoxy squeegee"},"content":{"rendered":"[vc_row type=&#8221;in_container&#8221; full_screen_row_position=&#8221;middle&#8221; column_margin=&#8221;default&#8221; column_direction=&#8221;default&#8221; column_direction_tablet=&#8221;default&#8221; column_direction_phone=&#8221;default&#8221; scene_position=&#8221;center&#8221; text_color=&#8221;dark&#8221; text_align=&#8221;left&#8221; row_border_radius=&#8221;none&#8221; row_border_radius_applies=&#8221;bg&#8221; overflow=&#8221;visible&#8221; overlay_strength=&#8221;0.3&#8243; gradient_direction=&#8221;left_to_right&#8221; shape_divider_position=&#8221;bottom&#8221; bg_image_animation=&#8221;none&#8221;][vc_column column_padding=&#8221;no-extra-padding&#8221; column_padding_tablet=&#8221;inherit&#8221; column_padding_phone=&#8221;inherit&#8221; column_padding_position=&#8221;all&#8221; column_element_spacing=&#8221;default&#8221; background_color_opacity=&#8221;1&#8243; background_hover_color_opacity=&#8221;1&#8243; column_shadow=&#8221;none&#8221; column_border_radius=&#8221;none&#8221; column_link_target=&#8221;_self&#8221; column_position=&#8221;default&#8221; gradient_direction=&#8221;left_to_right&#8221; overlay_strength=&#8221;0.3&#8243; width=&#8221;1\/1&#8243; tablet_width_inherit=&#8221;default&#8221; tablet_text_alignment=&#8221;default&#8221; phone_text_alignment=&#8221;default&#8221; animation_type=&#8221;default&#8221; bg_image_animation=&#8221;none&#8221; border_type=&#8221;simple&#8221; column_border_width=&#8221;none&#8221; column_border_style=&#8221;solid&#8221; css=&#8221;.vc_custom_1444833253071{padding-bottom: 30px !important;}&#8221;][vc_custom_heading text=&#8221;Economy 24-inch squeegee&#8221; font_container=&#8221;tag:h1|text_align:center|color:%23000000&#8243; use_theme_fonts=&#8221;yes&#8221;][\/vc_column][\/vc_row][vc_row type=&#8221;in_container&#8221; full_screen_row_position=&#8221;middle&#8221; column_margin=&#8221;default&#8221; column_direction=&#8221;default&#8221; column_direction_tablet=&#8221;default&#8221; column_direction_phone=&#8221;default&#8221; scene_position=&#8221;center&#8221; text_color=&#8221;dark&#8221; text_align=&#8221;left&#8221; row_border_radius=&#8221;none&#8221; row_border_radius_applies=&#8221;bg&#8221; overflow=&#8221;visible&#8221; id=&#8221;information&#8221; advanced_gradient_angle=&#8221;0&#8243; overlay_strength=&#8221;0.3&#8243; gradient_direction=&#8221;left_to_right&#8221; shape_divider_position=&#8221;bottom&#8221; bg_image_animation=&#8221;none&#8221; gradient_type=&#8221;default&#8221; shape_type=&#8221;&#8221;][vc_column column_padding=&#8221;no-extra-padding&#8221; column_padding_tablet=&#8221;inherit&#8221; column_padding_phone=&#8221;inherit&#8221; column_padding_position=&#8221;all&#8221; column_element_spacing=&#8221;default&#8221; background_color_opacity=&#8221;1&#8243; background_hover_color_opacity=&#8221;1&#8243; column_shadow=&#8221;none&#8221; column_border_radius=&#8221;none&#8221; column_link_target=&#8221;_self&#8221; column_position=&#8221;default&#8221; gradient_direction=&#8221;left_to_right&#8221; overlay_strength=&#8221;0.3&#8243; width=&#8221;1\/2&#8243; tablet_width_inherit=&#8221;default&#8221; tablet_text_alignment=&#8221;default&#8221; phone_text_alignment=&#8221;default&#8221; animation_type=&#8221;default&#8221; bg_image_animation=&#8221;none&#8221; border_type=&#8221;simple&#8221; column_border_width=&#8221;none&#8221; column_border_style=&#8221;solid&#8221;][vc_column_text]\n<p style=\"color: #60696c;text-align: justify\">Squeegee kit with 24&#8243; blade. This tool is used to spread 100% solids epoxy on a concrete floor. <\/p>\n<ul style=\"color: #60696c\">\n<li style=\"text-align: justify\">Standard threaded handle<\/li>\n<li style=\"text-align: justify\">Excellent value for money<\/li>\n<li style=\"text-align: justify\">Saves significant time for epoxy application<\/li>\n<\/ul>\n[\/vc_column_text][\/vc_column][vc_column column_padding=&#8221;no-extra-padding&#8221; column_padding_tablet=&#8221;inherit&#8221; column_padding_phone=&#8221;inherit&#8221; column_padding_position=&#8221;all&#8221; column_element_spacing=&#8221;default&#8221; background_color_opacity=&#8221;1&#8243; background_hover_color_opacity=&#8221;1&#8243; column_shadow=&#8221;none&#8221; column_border_radius=&#8221;none&#8221; column_link_target=&#8221;_self&#8221; column_position=&#8221;default&#8221; gradient_direction=&#8221;left_to_right&#8221; overlay_strength=&#8221;0.3&#8243; width=&#8221;1\/2&#8243; tablet_width_inherit=&#8221;default&#8221; tablet_text_alignment=&#8221;default&#8221; phone_text_alignment=&#8221;default&#8221; animation_type=&#8221;default&#8221; bg_image_animation=&#8221;none&#8221; border_type=&#8221;simple&#8221; column_border_width=&#8221;none&#8221; column_border_style=&#8221;solid&#8221;][vc_custom_heading text=&#8221;Product description&#8221; font_container=&#8221;tag:h2|text_align:center|color:#000000&#8243; use_theme_fonts=&#8221;yes&#8221; css=&#8221;.vc_custom_1444833168830{padding-bottom: 20px !important;}&#8221;][vc_video link=&#8221;https:\/\/www.youtube.com\/watch?v=MR5PWC2NYU8&#8243;][vc_custom_heading text=&#8221;See the product in action&#8221; font_container=&#8221;tag:h2|text_align:center|color:#000000&#8243; use_theme_fonts=&#8221;yes&#8221; css=&#8221;.vc_custom_1444836702721{padding-top: 30px !important;padding-bottom: 20px !important;}&#8221;][vc_video link=&#8221;https:\/\/www.youtube.com\/watch?v=xbdbYRToETI&#8221;][\/vc_column][\/vc_row][vc_row type=&#8221;in_container&#8221; full_screen_row_position=&#8221;middle&#8221; column_margin=&#8221;default&#8221; column_direction=&#8221;default&#8221; column_direction_tablet=&#8221;default&#8221; column_direction_phone=&#8221;default&#8221; scene_position=&#8221;center&#8221; text_color=&#8221;dark&#8221; text_align=&#8221;left&#8221; row_border_radius=&#8221;none&#8221; row_border_radius_applies=&#8221;bg&#8221; overflow=&#8221;visible&#8221; overlay_strength=&#8221;0.3&#8243; gradient_direction=&#8221;left_to_right&#8221; shape_divider_position=&#8221;bottom&#8221; bg_image_animation=&#8221;none&#8221;][vc_column column_padding=&#8221;no-extra-padding&#8221; column_padding_tablet=&#8221;inherit&#8221; column_padding_phone=&#8221;inherit&#8221; column_padding_position=&#8221;all&#8221; column_element_spacing=&#8221;default&#8221; background_color_opacity=&#8221;1&#8243; background_hover_color_opacity=&#8221;1&#8243; column_shadow=&#8221;none&#8221; column_border_radius=&#8221;none&#8221; column_link_target=&#8221;_self&#8221; column_position=&#8221;default&#8221; gradient_direction=&#8221;left_to_right&#8221; overlay_strength=&#8221;0.3&#8243; width=&#8221;1\/1&#8243; tablet_width_inherit=&#8221;default&#8221; tablet_text_alignment=&#8221;default&#8221; phone_text_alignment=&#8221;default&#8221; animation_type=&#8221;default&#8221; bg_image_animation=&#8221;none&#8221; border_type=&#8221;simple&#8221; column_border_width=&#8221;none&#8221; column_border_style=&#8221;solid&#8221;][divider line_type=&#8221;No Line&#8221; custom_height=&#8221;45px&#8221;][vc_custom_heading text=&#8221;Blog posts&#8221; font_container=&#8221;tag:h2|text_align:center&#8221; use_theme_fonts=&#8221;yes&#8221;][divider line_type=&#8221;No Line&#8221; custom_height=&#8221;15px&#8221;][\/vc_column][\/vc_row]\n","protected":false},"excerpt":{"rendered":"<p>[icon color=\"Accent-Color\" size=\"small\" icon_size=\"\" image=\"fa-map-marker\"] In-store pickup available<\/p>\n","protected":false},"featured_media":18697,"comment_status":"open","ping_status":"closed","template":"","meta":{"_monsterinsights_skip_tracking":false,"_monsterinsights_sitenote_active":false,"_monsterinsights_sitenote_note":"","_monsterinsights_sitenote_category":0},"product_brand":[],"product_cat":[12774,12912,12542,12913,12934],"product_tag":[12914,12546,12550,12496,12549,12440],"class_list":{"0":"post-153298","1":"product","2":"type-product","3":"status-publish","4":"has-post-thumbnail","6":"product_cat-application-tools","7":"product_cat-epoxy-accessories","8":"product_cat-epoxy-coating","9":"product_cat-for-epoxy","10":"product_cat-professional-epoxy-accessories","11":"product_tag-accessory","12":"product_tag-epoxy","13":"product_tag-epoxy-paint","14":"product_tag-fb_not_sync_og","15":"product_tag-garage-epoxy","16":"product_tag-ogshipping1","18":"first","19":"instock","20":"taxable","21":"shipping-taxable","22":"purchasable","23":"product-type-simple"},"exclude_global_add_ons":[],"addons":[],"yoast_head":"<!-- This site is optimized with the Yoast SEO Premium plugin v27.4 (Yoast SEO v27.4) - https:\/\/yoast.com\/product\/yoast-seo-premium-wordpress\/ -->\n<title>24-inch epoxy squeegee<\/title>\n<meta name=\"description\" content=\"Squeegee kit with 24&quot; blade. This tool is used to spread 100% solids epoxy on a concrete floor.\" \/>\n<meta name=\"robots\" content=\"index, follow, max-snippet:-1, max-image-preview:large, max-video-preview:-1\" \/>\n<link rel=\"canonical\" href=\"https:\/\/colobar.ca\/en\/produits\/pro-section\/epoxy-applicator\/professional-epoxy-accessories\/24-inch-epoxy-squeegee\/\" \/>\n<meta property=\"og:locale\" content=\"en_US\" \/>\n<meta property=\"og:type\" content=\"article\" \/>\n<meta property=\"og:title\" content=\"24-inch epoxy squeegee\" \/>\n<meta property=\"og:description\" content=\"In-store pickup available\" \/>\n<meta property=\"og:url\" content=\"https:\/\/colobar.ca\/en\/produits\/pro-section\/epoxy-applicator\/professional-epoxy-accessories\/24-inch-epoxy-squeegee\/\" \/>\n<meta property=\"og:site_name\" content=\"Colobar\" \/>\n<meta property=\"article:publisher\" content=\"https:\/\/www.facebook.com\/colobar\/\" \/>\n<meta property=\"article:modified_time\" content=\"2026-04-22T13:38:07+00:00\" \/>\n<meta property=\"og:image\" content=\"https:\/\/colobar.ca\/wp-content\/uploads\/SDG_4006-copy-1.jpg\" \/>\n\t<meta property=\"og:image:width\" content=\"600\" \/>\n\t<meta property=\"og:image:height\" content=\"600\" \/>\n\t<meta property=\"og:image:type\" content=\"image\/jpeg\" \/>\n<meta name=\"twitter:label1\" content=\"Price\" \/>\n\t<meta name=\"twitter:data1\" content=\"55,99&nbsp;&#036;\" \/>\n\t<meta name=\"twitter:label2\" content=\"Availability\" \/>\n\t<meta name=\"twitter:data2\" content=\"In stock\" \/>\n<script type=\"application\/ld+json\" class=\"yoast-schema-graph\">{\"@context\":\"https:\\\/\\\/schema.org\",\"@graph\":[{\"@type\":[\"WebPage\",\"ItemPage\"],\"@id\":\"https:\\\/\\\/colobar.ca\\\/en\\\/produits\\\/pro-section\\\/epoxy-applicator\\\/professional-epoxy-accessories\\\/24-inch-epoxy-squeegee\\\/\",\"url\":\"https:\\\/\\\/colobar.ca\\\/en\\\/produits\\\/pro-section\\\/epoxy-applicator\\\/professional-epoxy-accessories\\\/24-inch-epoxy-squeegee\\\/\",\"name\":\"24-inch epoxy squeegee\",\"isPartOf\":{\"@id\":\"https:\\\/\\\/colobar.ca\\\/en\\\/#website\"},\"primaryImageOfPage\":{\"@id\":\"https:\\\/\\\/colobar.ca\\\/en\\\/produits\\\/pro-section\\\/epoxy-applicator\\\/professional-epoxy-accessories\\\/24-inch-epoxy-squeegee\\\/#primaryimage\"},\"image\":{\"@id\":\"https:\\\/\\\/colobar.ca\\\/en\\\/produits\\\/pro-section\\\/epoxy-applicator\\\/professional-epoxy-accessories\\\/24-inch-epoxy-squeegee\\\/#primaryimage\"},\"thumbnailUrl\":\"https:\\\/\\\/colobar.ca\\\/wp-content\\\/uploads\\\/SDG_4006-copy-1.jpg\",\"datePublished\":\"2018-04-18T15:59:22+00:00\",\"dateModified\":\"2026-04-22T13:38:07+00:00\",\"description\":\"Squeegee kit with 24\\\" blade. This tool is used to spread 100% solids epoxy on a concrete floor.\",\"breadcrumb\":{\"@id\":\"https:\\\/\\\/colobar.ca\\\/en\\\/produits\\\/pro-section\\\/epoxy-applicator\\\/professional-epoxy-accessories\\\/24-inch-epoxy-squeegee\\\/#breadcrumb\"},\"inLanguage\":\"en-US\",\"potentialAction\":[{\"@type\":\"ReadAction\",\"target\":[\"https:\\\/\\\/colobar.ca\\\/en\\\/produits\\\/pro-section\\\/epoxy-applicator\\\/professional-epoxy-accessories\\\/24-inch-epoxy-squeegee\\\/\"]}]},{\"@type\":\"ImageObject\",\"inLanguage\":\"en-US\",\"@id\":\"https:\\\/\\\/colobar.ca\\\/en\\\/produits\\\/pro-section\\\/epoxy-applicator\\\/professional-epoxy-accessories\\\/24-inch-epoxy-squeegee\\\/#primaryimage\",\"url\":\"https:\\\/\\\/colobar.ca\\\/wp-content\\\/uploads\\\/SDG_4006-copy-1.jpg\",\"contentUrl\":\"https:\\\/\\\/colobar.ca\\\/wp-content\\\/uploads\\\/SDG_4006-copy-1.jpg\",\"width\":600,\"height\":600},{\"@type\":\"BreadcrumbList\",\"@id\":\"https:\\\/\\\/colobar.ca\\\/en\\\/produits\\\/pro-section\\\/epoxy-applicator\\\/professional-epoxy-accessories\\\/24-inch-epoxy-squeegee\\\/#breadcrumb\",\"itemListElement\":[{\"@type\":\"ListItem\",\"position\":1,\"name\":\"Shop\",\"item\":\"https:\\\/\\\/colobar.ca\\\/en\\\/shop\\\/\"},{\"@type\":\"ListItem\",\"position\":2,\"name\":\"24-inch epoxy squeegee\"}]},{\"@type\":\"WebSite\",\"@id\":\"https:\\\/\\\/colobar.ca\\\/en\\\/#website\",\"url\":\"https:\\\/\\\/colobar.ca\\\/en\\\/\",\"name\":\"Colobar\",\"description\":\"Painting and Decorating for Individuals and Businesses\",\"publisher\":{\"@id\":\"https:\\\/\\\/colobar.ca\\\/en\\\/#organization\"},\"potentialAction\":[{\"@type\":\"SearchAction\",\"target\":{\"@type\":\"EntryPoint\",\"urlTemplate\":\"https:\\\/\\\/colobar.ca\\\/en\\\/?s={search_term_string}\"},\"query-input\":{\"@type\":\"PropertyValueSpecification\",\"valueRequired\":true,\"valueName\":\"search_term_string\"}}],\"inLanguage\":\"en-US\"},{\"@type\":[\"Organization\",\"Place\",\"HomeAndConstructionBusiness\"],\"@id\":\"https:\\\/\\\/colobar.ca\\\/en\\\/#organization\",\"name\":\"Colobar\",\"url\":\"https:\\\/\\\/colobar.ca\\\/en\\\/\",\"logo\":{\"@id\":\"https:\\\/\\\/colobar.ca\\\/en\\\/produits\\\/pro-section\\\/epoxy-applicator\\\/professional-epoxy-accessories\\\/24-inch-epoxy-squeegee\\\/#local-main-organization-logo\"},\"image\":{\"@id\":\"https:\\\/\\\/colobar.ca\\\/en\\\/produits\\\/pro-section\\\/epoxy-applicator\\\/professional-epoxy-accessories\\\/24-inch-epoxy-squeegee\\\/#local-main-organization-logo\"},\"sameAs\":[\"https:\\\/\\\/www.facebook.com\\\/colobar\\\/\",\"https:\\\/\\\/www.pinterest.ca\\\/colobar\\\/\",\"https:\\\/\\\/www.youtube.com\\\/colobartv\"],\"description\":\"Magasin de peinture & d\u00e9coration sp\u00e9cialis\u00e9 dans la peinture, traitement du bois, rev\u00eatement \u00e9poxy, et la d\u00e9coration. Designer sur place.\",\"legalName\":\"Colobar Peinture & D\u00e9coration\",\"foundingDate\":\"1959-10-01\",\"numberOfEmployees\":{\"@type\":\"QuantitativeValue\",\"minValue\":\"11\",\"maxValue\":\"50\"},\"hasMerchantReturnPolicy\":{\"@type\":\"MerchantReturnPolicy\",\"merchantReturnLink\":\"https:\\\/\\\/colobar.ca\\\/politiques-de-vente\\\/\"},\"address\":{\"@id\":\"https:\\\/\\\/colobar.ca\\\/en\\\/produits\\\/pro-section\\\/epoxy-applicator\\\/professional-epoxy-accessories\\\/24-inch-epoxy-squeegee\\\/#local-main-place-address\"},\"geo\":{\"@type\":\"GeoCoordinates\",\"latitude\":\"45.56725\",\"longitude\":\"-73.68827399999999\"},\"telephone\":[\"4506677200\",\"18446657200\"],\"contactPoint\":{\"@type\":\"ContactPoint\",\"telephone\":\"18446657200\",\"email\":\"info@colobar.ca\"},\"openingHoursSpecification\":[{\"@type\":\"OpeningHoursSpecification\",\"dayOfWeek\":[\"Monday\",\"Tuesday\",\"Wednesday\",\"Thursday\",\"Friday\"],\"opens\":\"09:00\",\"closes\":\"16:00\"},{\"@type\":\"OpeningHoursSpecification\",\"dayOfWeek\":[\"Saturday\",\"Sunday\"],\"opens\":\"00:00\",\"closes\":\"00:00\"}],\"email\":\"info@colobar.ca\",\"areaServed\":\"Grand Montr\u00e9al\",\"priceRange\":\"$$\",\"paymentAccepted\":\"Comptant, Visa, Mastercard, APPLE PAY\"},{\"@type\":\"PostalAddress\",\"@id\":\"https:\\\/\\\/colobar.ca\\\/en\\\/produits\\\/pro-section\\\/epoxy-applicator\\\/professional-epoxy-accessories\\\/24-inch-epoxy-squeegee\\\/#local-main-place-address\",\"streetAddress\":\"357 boul. des Laurentides\",\"addressLocality\":\"Laval\",\"postalCode\":\"H7G 2T9\",\"addressRegion\":\"Qu\u00e9bec\",\"addressCountry\":\"CA\"},{\"@type\":\"ImageObject\",\"inLanguage\":\"en-US\",\"@id\":\"https:\\\/\\\/colobar.ca\\\/en\\\/produits\\\/pro-section\\\/epoxy-applicator\\\/professional-epoxy-accessories\\\/24-inch-epoxy-squeegee\\\/#local-main-organization-logo\",\"url\":\"https:\\\/\\\/colobar.ca\\\/wp-content\\\/uploads\\\/cropped-logo-colobar-copy.png\",\"contentUrl\":\"https:\\\/\\\/colobar.ca\\\/wp-content\\\/uploads\\\/cropped-logo-colobar-copy.png\",\"width\":512,\"height\":512,\"caption\":\"Colobar\"}]}<\/script>\n<meta property=\"product:price:amount\" content=\"55.99\" \/>\n<meta property=\"product:price:currency\" content=\"CAD\" \/>\n<meta property=\"og:availability\" content=\"instock\" \/>\n<meta property=\"product:availability\" content=\"instock\" \/>\n<meta property=\"product:retailer_item_id\" content=\"059186748077\" \/>\n<meta property=\"product:condition\" content=\"new\" \/>\n<meta name=\"geo.placename\" content=\"Laval\" \/>\n<meta name=\"geo.position\" content=\"45.56725;-73.68827399999999\" \/>\n<meta name=\"geo.region\" content=\"Canada\" \/>\n<!-- \/ Yoast SEO Premium plugin. -->","yoast_head_json":{"title":"24-inch epoxy squeegee","description":"Squeegee kit with 24\" blade. This tool is used to spread 100% solids epoxy on a concrete floor.","robots":{"index":"index","follow":"follow","max-snippet":"max-snippet:-1","max-image-preview":"max-image-preview:large","max-video-preview":"max-video-preview:-1"},"canonical":"https:\/\/colobar.ca\/en\/produits\/pro-section\/epoxy-applicator\/professional-epoxy-accessories\/24-inch-epoxy-squeegee\/","og_locale":"en_US","og_type":"article","og_title":"24-inch epoxy squeegee","og_description":"In-store pickup available","og_url":"https:\/\/colobar.ca\/en\/produits\/pro-section\/epoxy-applicator\/professional-epoxy-accessories\/24-inch-epoxy-squeegee\/","og_site_name":"Colobar","article_publisher":"https:\/\/www.facebook.com\/colobar\/","article_modified_time":"2026-04-22T13:38:07+00:00","og_image":[{"width":600,"height":600,"url":"https:\/\/colobar.ca\/wp-content\/uploads\/SDG_4006-copy-1.jpg","type":"image\/jpeg"}],"twitter_misc":{"Price":"55,99&nbsp;&#36;","Availability":"In stock"},"schema":{"@context":"https:\/\/schema.org","@graph":[{"@type":["WebPage","ItemPage"],"@id":"https:\/\/colobar.ca\/en\/produits\/pro-section\/epoxy-applicator\/professional-epoxy-accessories\/24-inch-epoxy-squeegee\/","url":"https:\/\/colobar.ca\/en\/produits\/pro-section\/epoxy-applicator\/professional-epoxy-accessories\/24-inch-epoxy-squeegee\/","name":"24-inch epoxy squeegee","isPartOf":{"@id":"https:\/\/colobar.ca\/en\/#website"},"primaryImageOfPage":{"@id":"https:\/\/colobar.ca\/en\/produits\/pro-section\/epoxy-applicator\/professional-epoxy-accessories\/24-inch-epoxy-squeegee\/#primaryimage"},"image":{"@id":"https:\/\/colobar.ca\/en\/produits\/pro-section\/epoxy-applicator\/professional-epoxy-accessories\/24-inch-epoxy-squeegee\/#primaryimage"},"thumbnailUrl":"https:\/\/colobar.ca\/wp-content\/uploads\/SDG_4006-copy-1.jpg","datePublished":"2018-04-18T15:59:22+00:00","dateModified":"2026-04-22T13:38:07+00:00","description":"Squeegee kit with 24\" blade. This tool is used to spread 100% solids epoxy on a concrete floor.","breadcrumb":{"@id":"https:\/\/colobar.ca\/en\/produits\/pro-section\/epoxy-applicator\/professional-epoxy-accessories\/24-inch-epoxy-squeegee\/#breadcrumb"},"inLanguage":"en-US","potentialAction":[{"@type":"ReadAction","target":["https:\/\/colobar.ca\/en\/produits\/pro-section\/epoxy-applicator\/professional-epoxy-accessories\/24-inch-epoxy-squeegee\/"]}]},{"@type":"ImageObject","inLanguage":"en-US","@id":"https:\/\/colobar.ca\/en\/produits\/pro-section\/epoxy-applicator\/professional-epoxy-accessories\/24-inch-epoxy-squeegee\/#primaryimage","url":"https:\/\/colobar.ca\/wp-content\/uploads\/SDG_4006-copy-1.jpg","contentUrl":"https:\/\/colobar.ca\/wp-content\/uploads\/SDG_4006-copy-1.jpg","width":600,"height":600},{"@type":"BreadcrumbList","@id":"https:\/\/colobar.ca\/en\/produits\/pro-section\/epoxy-applicator\/professional-epoxy-accessories\/24-inch-epoxy-squeegee\/#breadcrumb","itemListElement":[{"@type":"ListItem","position":1,"name":"Shop","item":"https:\/\/colobar.ca\/en\/shop\/"},{"@type":"ListItem","position":2,"name":"24-inch epoxy squeegee"}]},{"@type":"WebSite","@id":"https:\/\/colobar.ca\/en\/#website","url":"https:\/\/colobar.ca\/en\/","name":"Colobar","description":"Painting and Decorating for Individuals and Businesses","publisher":{"@id":"https:\/\/colobar.ca\/en\/#organization"},"potentialAction":[{"@type":"SearchAction","target":{"@type":"EntryPoint","urlTemplate":"https:\/\/colobar.ca\/en\/?s={search_term_string}"},"query-input":{"@type":"PropertyValueSpecification","valueRequired":true,"valueName":"search_term_string"}}],"inLanguage":"en-US"},{"@type":["Organization","Place","HomeAndConstructionBusiness"],"@id":"https:\/\/colobar.ca\/en\/#organization","name":"Colobar","url":"https:\/\/colobar.ca\/en\/","logo":{"@id":"https:\/\/colobar.ca\/en\/produits\/pro-section\/epoxy-applicator\/professional-epoxy-accessories\/24-inch-epoxy-squeegee\/#local-main-organization-logo"},"image":{"@id":"https:\/\/colobar.ca\/en\/produits\/pro-section\/epoxy-applicator\/professional-epoxy-accessories\/24-inch-epoxy-squeegee\/#local-main-organization-logo"},"sameAs":["https:\/\/www.facebook.com\/colobar\/","https:\/\/www.pinterest.ca\/colobar\/","https:\/\/www.youtube.com\/colobartv"],"description":"Magasin de peinture & d\u00e9coration sp\u00e9cialis\u00e9 dans la peinture, traitement du bois, rev\u00eatement \u00e9poxy, et la d\u00e9coration. Designer sur place.","legalName":"Colobar Peinture & D\u00e9coration","foundingDate":"1959-10-01","numberOfEmployees":{"@type":"QuantitativeValue","minValue":"11","maxValue":"50"},"hasMerchantReturnPolicy":{"@type":"MerchantReturnPolicy","merchantReturnLink":"https:\/\/colobar.ca\/politiques-de-vente\/"},"address":{"@id":"https:\/\/colobar.ca\/en\/produits\/pro-section\/epoxy-applicator\/professional-epoxy-accessories\/24-inch-epoxy-squeegee\/#local-main-place-address"},"geo":{"@type":"GeoCoordinates","latitude":"45.56725","longitude":"-73.68827399999999"},"telephone":["4506677200","18446657200"],"contactPoint":{"@type":"ContactPoint","telephone":"18446657200","email":"info@colobar.ca"},"openingHoursSpecification":[{"@type":"OpeningHoursSpecification","dayOfWeek":["Monday","Tuesday","Wednesday","Thursday","Friday"],"opens":"09:00","closes":"16:00"},{"@type":"OpeningHoursSpecification","dayOfWeek":["Saturday","Sunday"],"opens":"00:00","closes":"00:00"}],"email":"info@colobar.ca","areaServed":"Grand Montr\u00e9al","priceRange":"$$","paymentAccepted":"Comptant, Visa, Mastercard, APPLE PAY"},{"@type":"PostalAddress","@id":"https:\/\/colobar.ca\/en\/produits\/pro-section\/epoxy-applicator\/professional-epoxy-accessories\/24-inch-epoxy-squeegee\/#local-main-place-address","streetAddress":"357 boul. des Laurentides","addressLocality":"Laval","postalCode":"H7G 2T9","addressRegion":"Qu\u00e9bec","addressCountry":"CA"},{"@type":"ImageObject","inLanguage":"en-US","@id":"https:\/\/colobar.ca\/en\/produits\/pro-section\/epoxy-applicator\/professional-epoxy-accessories\/24-inch-epoxy-squeegee\/#local-main-organization-logo","url":"https:\/\/colobar.ca\/wp-content\/uploads\/cropped-logo-colobar-copy.png","contentUrl":"https:\/\/colobar.ca\/wp-content\/uploads\/cropped-logo-colobar-copy.png","width":512,"height":512,"caption":"Colobar"}]},"product_price_amount":"55.99","product_price_currency":"CAD","og_availability":"instock","product_availability":"instock","product_retailer_item_id":"059186748077","product_condition":"new","geo.placename":"Laval","geo.position":{"lat":"45.56725","long":"-73.68827399999999"},"geo.region":"Canada"},"_links":{"self":[{"href":"https:\/\/colobar.ca\/en\/wp-json\/wp\/v2\/product\/153298","targetHints":{"allow":["GET"]}}],"collection":[{"href":"https:\/\/colobar.ca\/en\/wp-json\/wp\/v2\/product"}],"about":[{"href":"https:\/\/colobar.ca\/en\/wp-json\/wp\/v2\/types\/product"}],"replies":[{"embeddable":true,"href":"https:\/\/colobar.ca\/en\/wp-json\/wp\/v2\/comments?post=153298"}],"wp:featuredmedia":[{"embeddable":true,"href":"https:\/\/colobar.ca\/en\/wp-json\/wp\/v2\/media\/18697"}],"wp:attachment":[{"href":"https:\/\/colobar.ca\/en\/wp-json\/wp\/v2\/media?parent=153298"}],"wp:term":[{"taxonomy":"product_brand","embeddable":true,"href":"https:\/\/colobar.ca\/en\/wp-json\/wp\/v2\/product_brand?post=153298"},{"taxonomy":"product_cat","embeddable":true,"href":"https:\/\/colobar.ca\/en\/wp-json\/wp\/v2\/product_cat?post=153298"},{"taxonomy":"product_tag","embeddable":true,"href":"https:\/\/colobar.ca\/en\/wp-json\/wp\/v2\/product_tag?post=153298"}],"curies":[{"name":"wp","href":"https:\/\/api.w.org\/{rel}","templated":true}]}}