{"id":154491,"date":"2018-04-18T12:01:20","date_gmt":"2018-04-18T16:01:20","guid":{"rendered":"https:\/\/colobar.ca\/produits\/uncategorized\/sansin-wood-wash-wood-cleaner-and-brightener-decks-and-fences\/"},"modified":"2026-05-05T15:14:31","modified_gmt":"2026-05-05T19:14:31","slug":"sansin-wood-wash-wood-cleaner-and-brightener-decks-and-fences","status":"publish","type":"product","link":"https:\/\/colobar.ca\/en\/produits\/wood-treatment\/cleaners\/sansin-wood-wash-wood-cleaner-and-brightener-decks-and-fences\/","title":{"rendered":"Sansin Wood Wash wood cleaner and brightener (decks and fences)"},"content":{"rendered":"[vc_row type=&#8221;in_container&#8221; full_screen_row_position=&#8221;middle&#8221; column_margin=&#8221;default&#8221; column_direction=&#8221;default&#8221; column_direction_tablet=&#8221;default&#8221; column_direction_phone=&#8221;default&#8221; scene_position=&#8221;center&#8221; text_color=&#8221;dark&#8221; text_align=&#8221;left&#8221; row_border_radius=&#8221;none&#8221; row_border_radius_applies=&#8221;bg&#8221; overflow=&#8221;visible&#8221; id=&#8221;information&#8221; advanced_gradient_angle=&#8221;0&#8243; overlay_strength=&#8221;0.3&#8243; gradient_direction=&#8221;left_to_right&#8221; shape_divider_position=&#8221;bottom&#8221; bg_image_animation=&#8221;none&#8221; gradient_type=&#8221;default&#8221; shape_type=&#8221;&#8221;][vc_column column_padding=&#8221;no-extra-padding&#8221; column_padding_tablet=&#8221;inherit&#8221; column_padding_phone=&#8221;inherit&#8221; column_padding_position=&#8221;all&#8221; column_element_direction_desktop=&#8221;default&#8221; column_element_spacing=&#8221;default&#8221; desktop_text_alignment=&#8221;default&#8221; tablet_text_alignment=&#8221;default&#8221; phone_text_alignment=&#8221;default&#8221; background_color_opacity=&#8221;1&#8243; background_hover_color_opacity=&#8221;1&#8243; column_backdrop_filter=&#8221;none&#8221; column_shadow=&#8221;none&#8221; column_border_radius=&#8221;none&#8221; column_link_target=&#8221;_self&#8221; column_position=&#8221;default&#8221; gradient_direction=&#8221;left_to_right&#8221; overlay_strength=&#8221;0.3&#8243; width=&#8221;1\/1&#8243; tablet_width_inherit=&#8221;default&#8221; animation_type=&#8221;default&#8221; bg_image_animation=&#8221;none&#8221; border_type=&#8221;simple&#8221; column_border_width=&#8221;none&#8221; column_border_style=&#8221;solid&#8221;][vc_column_text css=&#8221;&#8221; text_direction=&#8221;default&#8221;]\n<h1>Sansin Wood Wash \u2013<br \/>\nWood cleaner and brightener<\/h1>\n<p>&nbsp;<\/p>\n<h3>Sansin Wood Wash: To remove graying from wood<\/h3>\n<p style=\"text-align: justify;\">To restore the natural color of wood most damaged and deteriorated by continuous exposure to the elements, trust WoodWash. This product is extremely effective at removing graying, unsightly aging, mold, algae, discoloration, and grease stains. And it works fast! Simply spray it on the surface, let it sit for up to 20 minutes, scrub lightly, rinse, and let the wood dry. Then apply the included dose of Sansin Wood Lightener, a wood neutralizer and brightener. You will see your wood&#8217;s original color reappear as it works, is rinsed, and dries.     <\/p>\n<h3>Description:<\/h3>\n<p style=\"text-align: justify;\">Sansin WoodWash is a ready-to-use product that removes all dirt, mold, mildew, and damage caused by weathering, returning grayed wood to its natural color. This product is biodegradable, water-washable, and easy to use. <\/p>\n<p>CAUTION: Do not spill the product on stained wood, as the finish will be damaged. For annual cleaning, use Sansin <a href=\"https:\/\/colobar.ca\/en\/produits\/wood-treatment\/cleaners\/sansin-multi-wash-concentrated-biodegradable-cleaner\/\">MultiWash<\/a> diluted 1 part to 10 parts water. <\/p>\n<h3>Uses:<\/h3>\n<p style=\"text-align: justify;\">Sansin WoodWash is recommended for aged wood surfaces such as patios, decks, fences, logs, siding, plywood, and wood posts.<\/p>\n<h3>Coverage:<\/h3>\n<p style=\"text-align: justify;\">100 to 200 sq. ft.\/gallon (3.78 liters) depending on surface porosity.<\/p>\n<h3>Surface preparation:<\/h3>\n<ul>\n<li style=\"text-align: justify;\">The surface must be dry and the temperature above 10\u00b0C (50\u00b0F).<\/li>\n<li style=\"text-align: justify;\">Wet vegetation with water or protect with a tarp during application<\/li>\n<li style=\"text-align: justify;\">Protect surrounding surfaces with polyethylene sheeting<\/li>\n<li style=\"text-align: justify;\">Do not allow this product to come into contact with metal, fabrics, floor coverings, or garden items.<\/li>\n<li style=\"text-align: justify;\">Keep children and pets away from the work area<\/li>\n<\/ul>\n<h3>Wood Wash Application:<\/h3>\n<ul>\n<li style=\"text-align: justify;\">Apply an even coat by spray, roller, or brush<\/li>\n<li style=\"text-align: justify;\">On vertical surfaces, begin application from the bottom up<\/li>\n<li style=\"text-align: justify;\">Avoid runs and drips<\/li>\n<\/ul>\n<h3>Application Instructions:<\/h3>\n[\/vc_column_text][divider line_type=&#8221;No Line&#8221; custom_height=&#8221;15px&#8221;][vc_column_text css=&#8221;&#8221; text_direction=&#8221;default&#8221;]<strong>Step 1:<\/strong><\/p>\n<ul>\n<li>Do not dilute WoodWash; it is ready to use.<\/li>\n<li style=\"text-align: justify;\">Do not allow the product to dry on the surface.<\/li>\n<li style=\"text-align: justify;\">Dampen the product with water to keep it active (water mist).<\/li>\n<li style=\"text-align: justify;\">Do not apply during the hottest part of the day or in direct sunlight.<\/li>\n<li style=\"text-align: justify;\">Let the product work for at least 20 minutes to loosen graying and stains.<\/li>\n<li style=\"text-align: justify;\">While waiting, you must scrub the wood with a brush. Always scrub in the direction of the wood grain. <\/li>\n<li style=\"text-align: justify;\">Rinse the surface thoroughly using a garden hose or a pressure washer (maximum 500 PSI).<\/li>\n<li style=\"text-align: justify;\">Direct the pressure washer&#8217;s water stream in the direction of the wood grain using a steady back-and-forth sweeping motion.<\/li>\n<li style=\"text-align: justify;\">Do not hold the water stream in one spot for too long, as this could damage the wood surface.<\/li>\n<li style=\"text-align: justify;\">Let the wood dry completely (the wood may still be damp) before proceeding to Step 2: Neutralizing.<\/li>\n<\/ul>\n<p><strong>Step 2:<\/strong><\/p>\n<ul>\n<li style=\"text-align: justify;\">Applying Sansin Wood Lightener neutralizer.<\/li>\n<li style=\"text-align: justify;\">Completely dilute the Sansin Wood Lightener packet in one gallon of warm or hot water.<\/li>\n<li style=\"text-align: justify;\">Spray Wood Lightener generously over the entire surface.<\/li>\n<li style=\"text-align: justify;\">Let the Wood Lightener neutralize the treated wood surface for at least 10 minutes.<\/li>\n<li style=\"text-align: justify;\">Rinse thoroughly with water.<\/li>\n<li style=\"text-align: justify;\">Let the surface dry completely for at least 24 hours before sanding.<\/li>\n<li style=\"text-align: justify;\">On planed wood surfaces, sand the wood using an orbital power sander with 60 or 80-grit sandpaper.<\/li>\n<\/ul>\n<h3>Product Storage:<\/h3>\n<ul>\n<li>Close the container without over-tightening the cap<\/li>\n<li>Store in a dry place<\/li>\n<li>Avoid exposing the product to freezing temperatures<\/li>\n<li>Avoid unnecessary exposure of containers to direct sunlight<\/li>\n<li>Do not reuse empty containers<\/li>\n<li>Rinse the container before recycling<\/li>\n<\/ul>\n[\/vc_column_text][\/vc_column][\/vc_row]\n","protected":false},"excerpt":{"rendered":"<ul>\n<li class=\"ai-optimize-28\">Exterior wood cleaner<\/li>\n<li class=\"ai-optimize-29\">Designed to remove graying and wood contaminants<\/li>\n<li class=\"ai-optimize-30\">High-performance specific formula<\/li>\n<li class=\"ai-optimize-31\">Biodegradable, eco-friendly, low-VOC formula<\/li>\n<li class=\"ai-optimize-32\">Wood Lightener neutralizer is also included with this product<\/li>\n<li class=\"ai-optimize-33\">Covers between 100 and 200 sq. ft.\/gallon<\/li>\n<\/ul>\n<p class=\"ai-optimize-34\">[icon color=\"Accent-Color\" size=\"small\" icon_size=\"\" image=\"fa-truck\"] Estimated delivery: 3\u20134 business days<\/p>\n<p class=\"ai-optimize-35\">[icon color=\"Accent-Color\" size=\"small\" icon_size=\"\" image=\"fa-map-marker\"] In-store pickup available<\/p>\n","protected":false},"featured_media":47436,"comment_status":"open","ping_status":"closed","template":"","meta":{"_monsterinsights_skip_tracking":false,"_monsterinsights_sitenote_active":false,"_monsterinsights_sitenote_note":"","_monsterinsights_sitenote_category":0},"product_brand":[],"product_cat":[12740,12433],"product_tag":[12741,12435,12437,12614,12496,12440,12438,12439,12436],"class_list":{"0":"post-154491","1":"product","2":"type-product","3":"status-publish","4":"has-post-thumbnail","6":"product_cat-cleaners","7":"product_cat-exterior-stain","8":"product_tag-cleaner","9":"product_tag-eco-friendly","10":"product_tag-exterior","11":"product_tag-exterior-wood","12":"product_tag-fb_not_sync_og","13":"product_tag-ogshipping1","14":"product_tag-sansin","15":"product_tag-stain","16":"product_tag-wood","17":"pa_marques-sansin","19":"first","20":"instock","21":"taxable","22":"shipping-taxable","23":"purchasable","24":"product-type-simple"},"exclude_global_add_ons":[],"addons":[],"yoast_head":"<!-- This site is optimized with the Yoast SEO Premium plugin v27.5 (Yoast SEO v27.5) - https:\/\/yoast.com\/product\/yoast-seo-premium-wordpress\/ -->\n<title>Sansin Wood Wash wood cleaner and brightener (decks and fences)<\/title>\n<meta name=\"description\" content=\"Sansin Wood Cleaner: for cleaning exterior wood damaged and weathered by the elements. Effective eco-friendly formula that also removes mold.\" \/>\n<meta name=\"robots\" content=\"index, follow, max-snippet:-1, max-image-preview:large, max-video-preview:-1\" \/>\n<link rel=\"canonical\" href=\"https:\/\/colobar.ca\/en\/produits\/wood-treatment\/cleaners\/sansin-wood-wash-wood-cleaner-and-brightener-decks-and-fences\/\" \/>\n<meta property=\"og:locale\" content=\"en_US\" \/>\n<meta property=\"og:type\" content=\"article\" \/>\n<meta property=\"og:title\" content=\"Sansin Wood Wash wood cleaner and brightener (decks and fences)\" \/>\n<meta property=\"og:description\" content=\"Exterior wood cleaner  Designed to remove graying and wood contaminants  High-performance specific formula  Biodegradable, eco-friendly, low-VOC formula  Wood Lightener neutralizer is also included with this product  Covers between 100 and 200 sq. ft.\/gallon  Estimated delivery: 3\u20134 business days In-store pickup available\" \/>\n<meta property=\"og:url\" content=\"https:\/\/colobar.ca\/en\/produits\/wood-treatment\/cleaners\/sansin-wood-wash-wood-cleaner-and-brightener-decks-and-fences\/\" \/>\n<meta property=\"og:site_name\" content=\"Colobar\" \/>\n<meta property=\"article:publisher\" content=\"https:\/\/www.facebook.com\/colobar\/\" \/>\n<meta property=\"article:modified_time\" content=\"2026-05-05T19:14:31+00:00\" \/>\n<meta property=\"og:image\" content=\"https:\/\/colobar.ca\/wp-content\/uploads\/sansin-woodwash.jpg\" \/>\n\t<meta property=\"og:image:width\" content=\"600\" \/>\n\t<meta property=\"og:image:height\" content=\"600\" \/>\n\t<meta property=\"og:image:type\" content=\"image\/jpeg\" \/>\n<meta name=\"twitter:label1\" content=\"Price\" \/>\n\t<meta name=\"twitter:data1\" content=\"49,89&nbsp;&#036;\" \/>\n\t<meta name=\"twitter:label2\" content=\"Availability\" \/>\n\t<meta name=\"twitter:data2\" content=\"In stock\" \/>\n<script type=\"application\/ld+json\" class=\"yoast-schema-graph\">{\"@context\":\"https:\\\/\\\/schema.org\",\"@graph\":[{\"@type\":[\"WebPage\",\"ItemPage\"],\"@id\":\"https:\\\/\\\/colobar.ca\\\/en\\\/produits\\\/wood-treatment\\\/cleaners\\\/sansin-wood-wash-wood-cleaner-and-brightener-decks-and-fences\\\/\",\"url\":\"https:\\\/\\\/colobar.ca\\\/en\\\/produits\\\/wood-treatment\\\/cleaners\\\/sansin-wood-wash-wood-cleaner-and-brightener-decks-and-fences\\\/\",\"name\":\"Sansin Wood Wash wood cleaner and brightener (decks and fences)\",\"isPartOf\":{\"@id\":\"https:\\\/\\\/colobar.ca\\\/en\\\/#website\"},\"primaryImageOfPage\":{\"@id\":\"https:\\\/\\\/colobar.ca\\\/en\\\/produits\\\/wood-treatment\\\/cleaners\\\/sansin-wood-wash-wood-cleaner-and-brightener-decks-and-fences\\\/#primaryimage\"},\"image\":{\"@id\":\"https:\\\/\\\/colobar.ca\\\/en\\\/produits\\\/wood-treatment\\\/cleaners\\\/sansin-wood-wash-wood-cleaner-and-brightener-decks-and-fences\\\/#primaryimage\"},\"thumbnailUrl\":\"https:\\\/\\\/colobar.ca\\\/wp-content\\\/uploads\\\/sansin-woodwash.jpg\",\"datePublished\":\"2018-04-18T16:01:20+00:00\",\"dateModified\":\"2026-05-05T19:14:31+00:00\",\"description\":\"Sansin Wood Cleaner: for cleaning exterior wood damaged and weathered by the elements. Effective eco-friendly formula that also removes mold.\",\"breadcrumb\":{\"@id\":\"https:\\\/\\\/colobar.ca\\\/en\\\/produits\\\/wood-treatment\\\/cleaners\\\/sansin-wood-wash-wood-cleaner-and-brightener-decks-and-fences\\\/#breadcrumb\"},\"inLanguage\":\"en-US\",\"potentialAction\":[{\"@type\":\"ReadAction\",\"target\":[\"https:\\\/\\\/colobar.ca\\\/en\\\/produits\\\/wood-treatment\\\/cleaners\\\/sansin-wood-wash-wood-cleaner-and-brightener-decks-and-fences\\\/\"]}]},{\"@type\":\"ImageObject\",\"inLanguage\":\"en-US\",\"@id\":\"https:\\\/\\\/colobar.ca\\\/en\\\/produits\\\/wood-treatment\\\/cleaners\\\/sansin-wood-wash-wood-cleaner-and-brightener-decks-and-fences\\\/#primaryimage\",\"url\":\"https:\\\/\\\/colobar.ca\\\/wp-content\\\/uploads\\\/sansin-woodwash.jpg\",\"contentUrl\":\"https:\\\/\\\/colobar.ca\\\/wp-content\\\/uploads\\\/sansin-woodwash.jpg\",\"width\":600,\"height\":600},{\"@type\":\"BreadcrumbList\",\"@id\":\"https:\\\/\\\/colobar.ca\\\/en\\\/produits\\\/wood-treatment\\\/cleaners\\\/sansin-wood-wash-wood-cleaner-and-brightener-decks-and-fences\\\/#breadcrumb\",\"itemListElement\":[{\"@type\":\"ListItem\",\"position\":1,\"name\":\"Shop\",\"item\":\"https:\\\/\\\/colobar.ca\\\/en\\\/shop\\\/\"},{\"@type\":\"ListItem\",\"position\":2,\"name\":\"Sansin Wood Wash wood cleaner and brightener (decks and fences)\"}]},{\"@type\":\"WebSite\",\"@id\":\"https:\\\/\\\/colobar.ca\\\/en\\\/#website\",\"url\":\"https:\\\/\\\/colobar.ca\\\/en\\\/\",\"name\":\"Colobar\",\"description\":\"Painting and Decorating for Individuals and Businesses\",\"publisher\":{\"@id\":\"https:\\\/\\\/colobar.ca\\\/en\\\/#organization\"},\"potentialAction\":[{\"@type\":\"SearchAction\",\"target\":{\"@type\":\"EntryPoint\",\"urlTemplate\":\"https:\\\/\\\/colobar.ca\\\/en\\\/?s={search_term_string}\"},\"query-input\":{\"@type\":\"PropertyValueSpecification\",\"valueRequired\":true,\"valueName\":\"search_term_string\"}}],\"inLanguage\":\"en-US\"},{\"@type\":[\"Organization\",\"Place\",\"HomeAndConstructionBusiness\"],\"@id\":\"https:\\\/\\\/colobar.ca\\\/en\\\/#organization\",\"name\":\"Colobar\",\"url\":\"https:\\\/\\\/colobar.ca\\\/en\\\/\",\"logo\":{\"@id\":\"https:\\\/\\\/colobar.ca\\\/en\\\/produits\\\/wood-treatment\\\/cleaners\\\/sansin-wood-wash-wood-cleaner-and-brightener-decks-and-fences\\\/#local-main-organization-logo\"},\"image\":{\"@id\":\"https:\\\/\\\/colobar.ca\\\/en\\\/produits\\\/wood-treatment\\\/cleaners\\\/sansin-wood-wash-wood-cleaner-and-brightener-decks-and-fences\\\/#local-main-organization-logo\"},\"sameAs\":[\"https:\\\/\\\/www.facebook.com\\\/colobar\\\/\",\"https:\\\/\\\/www.pinterest.ca\\\/colobar\\\/\",\"https:\\\/\\\/www.youtube.com\\\/colobartv\"],\"description\":\"Magasin de peinture & d\u00e9coration sp\u00e9cialis\u00e9 dans la peinture, traitement du bois, rev\u00eatement \u00e9poxy, et la d\u00e9coration. Designer sur place.\",\"legalName\":\"Colobar Peinture & D\u00e9coration\",\"foundingDate\":\"1959-10-01\",\"numberOfEmployees\":{\"@type\":\"QuantitativeValue\",\"minValue\":\"11\",\"maxValue\":\"50\"},\"hasMerchantReturnPolicy\":{\"@type\":\"MerchantReturnPolicy\",\"merchantReturnLink\":\"https:\\\/\\\/colobar.ca\\\/politiques-de-vente\\\/\"},\"address\":{\"@id\":\"https:\\\/\\\/colobar.ca\\\/en\\\/produits\\\/wood-treatment\\\/cleaners\\\/sansin-wood-wash-wood-cleaner-and-brightener-decks-and-fences\\\/#local-main-place-address\"},\"geo\":{\"@type\":\"GeoCoordinates\",\"latitude\":\"45.56725\",\"longitude\":\"-73.68827399999999\"},\"telephone\":[\"4506677200\",\"18446657200\"],\"contactPoint\":{\"@type\":\"ContactPoint\",\"telephone\":\"18446657200\",\"email\":\"info@colobar.ca\"},\"openingHoursSpecification\":[{\"@type\":\"OpeningHoursSpecification\",\"dayOfWeek\":[\"Monday\",\"Tuesday\",\"Wednesday\",\"Thursday\",\"Friday\"],\"opens\":\"09:00\",\"closes\":\"16:00\"},{\"@type\":\"OpeningHoursSpecification\",\"dayOfWeek\":[\"Saturday\",\"Sunday\"],\"opens\":\"00:00\",\"closes\":\"00:00\"}],\"email\":\"info@colobar.ca\",\"areaServed\":\"Grand Montr\u00e9al\",\"priceRange\":\"$$\",\"paymentAccepted\":\"Comptant, Visa, Mastercard, APPLE PAY\"},{\"@type\":\"PostalAddress\",\"@id\":\"https:\\\/\\\/colobar.ca\\\/en\\\/produits\\\/wood-treatment\\\/cleaners\\\/sansin-wood-wash-wood-cleaner-and-brightener-decks-and-fences\\\/#local-main-place-address\",\"streetAddress\":\"357 boul. des Laurentides\",\"addressLocality\":\"Laval\",\"postalCode\":\"H7G 2T9\",\"addressRegion\":\"Qu\u00e9bec\",\"addressCountry\":\"CA\"},{\"@type\":\"ImageObject\",\"inLanguage\":\"en-US\",\"@id\":\"https:\\\/\\\/colobar.ca\\\/en\\\/produits\\\/wood-treatment\\\/cleaners\\\/sansin-wood-wash-wood-cleaner-and-brightener-decks-and-fences\\\/#local-main-organization-logo\",\"url\":\"https:\\\/\\\/colobar.ca\\\/wp-content\\\/uploads\\\/cropped-logo-colobar-copy.png\",\"contentUrl\":\"https:\\\/\\\/colobar.ca\\\/wp-content\\\/uploads\\\/cropped-logo-colobar-copy.png\",\"width\":512,\"height\":512,\"caption\":\"Colobar\"}]}<\/script>\n<meta property=\"product:brand\" content=\"Sansin\" \/>\n<meta property=\"product:price:amount\" content=\"49.89\" \/>\n<meta property=\"product:price:currency\" content=\"CAD\" \/>\n<meta property=\"og:availability\" content=\"instock\" \/>\n<meta property=\"product:availability\" content=\"instock\" \/>\n<meta property=\"product:retailer_item_id\" content=\"624014812017\" \/>\n<meta property=\"product:condition\" content=\"new\" \/>\n<meta name=\"geo.placename\" content=\"Laval\" \/>\n<meta name=\"geo.position\" content=\"45.56725;-73.68827399999999\" \/>\n<meta name=\"geo.region\" content=\"Canada\" \/>\n<!-- \/ Yoast SEO Premium plugin. -->","yoast_head_json":{"title":"Sansin Wood Wash wood cleaner and brightener (decks and fences)","description":"Sansin Wood Cleaner: for cleaning exterior wood damaged and weathered by the elements. Effective eco-friendly formula that also removes mold.","robots":{"index":"index","follow":"follow","max-snippet":"max-snippet:-1","max-image-preview":"max-image-preview:large","max-video-preview":"max-video-preview:-1"},"canonical":"https:\/\/colobar.ca\/en\/produits\/wood-treatment\/cleaners\/sansin-wood-wash-wood-cleaner-and-brightener-decks-and-fences\/","og_locale":"en_US","og_type":"article","og_title":"Sansin Wood Wash wood cleaner and brightener (decks and fences)","og_description":"Exterior wood cleaner  Designed to remove graying and wood contaminants  High-performance specific formula  Biodegradable, eco-friendly, low-VOC formula  Wood Lightener neutralizer is also included with this product  Covers between 100 and 200 sq. ft.\/gallon  Estimated delivery: 3\u20134 business days In-store pickup available","og_url":"https:\/\/colobar.ca\/en\/produits\/wood-treatment\/cleaners\/sansin-wood-wash-wood-cleaner-and-brightener-decks-and-fences\/","og_site_name":"Colobar","article_publisher":"https:\/\/www.facebook.com\/colobar\/","article_modified_time":"2026-05-05T19:14:31+00:00","og_image":[{"width":600,"height":600,"url":"https:\/\/colobar.ca\/wp-content\/uploads\/sansin-woodwash.jpg","type":"image\/jpeg"}],"twitter_misc":{"Price":"49,89&nbsp;&#36;","Availability":"In stock"},"schema":{"@context":"https:\/\/schema.org","@graph":[{"@type":["WebPage","ItemPage"],"@id":"https:\/\/colobar.ca\/en\/produits\/wood-treatment\/cleaners\/sansin-wood-wash-wood-cleaner-and-brightener-decks-and-fences\/","url":"https:\/\/colobar.ca\/en\/produits\/wood-treatment\/cleaners\/sansin-wood-wash-wood-cleaner-and-brightener-decks-and-fences\/","name":"Sansin Wood Wash wood cleaner and brightener (decks and fences)","isPartOf":{"@id":"https:\/\/colobar.ca\/en\/#website"},"primaryImageOfPage":{"@id":"https:\/\/colobar.ca\/en\/produits\/wood-treatment\/cleaners\/sansin-wood-wash-wood-cleaner-and-brightener-decks-and-fences\/#primaryimage"},"image":{"@id":"https:\/\/colobar.ca\/en\/produits\/wood-treatment\/cleaners\/sansin-wood-wash-wood-cleaner-and-brightener-decks-and-fences\/#primaryimage"},"thumbnailUrl":"https:\/\/colobar.ca\/wp-content\/uploads\/sansin-woodwash.jpg","datePublished":"2018-04-18T16:01:20+00:00","dateModified":"2026-05-05T19:14:31+00:00","description":"Sansin Wood Cleaner: for cleaning exterior wood damaged and weathered by the elements. Effective eco-friendly formula that also removes mold.","breadcrumb":{"@id":"https:\/\/colobar.ca\/en\/produits\/wood-treatment\/cleaners\/sansin-wood-wash-wood-cleaner-and-brightener-decks-and-fences\/#breadcrumb"},"inLanguage":"en-US","potentialAction":[{"@type":"ReadAction","target":["https:\/\/colobar.ca\/en\/produits\/wood-treatment\/cleaners\/sansin-wood-wash-wood-cleaner-and-brightener-decks-and-fences\/"]}]},{"@type":"ImageObject","inLanguage":"en-US","@id":"https:\/\/colobar.ca\/en\/produits\/wood-treatment\/cleaners\/sansin-wood-wash-wood-cleaner-and-brightener-decks-and-fences\/#primaryimage","url":"https:\/\/colobar.ca\/wp-content\/uploads\/sansin-woodwash.jpg","contentUrl":"https:\/\/colobar.ca\/wp-content\/uploads\/sansin-woodwash.jpg","width":600,"height":600},{"@type":"BreadcrumbList","@id":"https:\/\/colobar.ca\/en\/produits\/wood-treatment\/cleaners\/sansin-wood-wash-wood-cleaner-and-brightener-decks-and-fences\/#breadcrumb","itemListElement":[{"@type":"ListItem","position":1,"name":"Shop","item":"https:\/\/colobar.ca\/en\/shop\/"},{"@type":"ListItem","position":2,"name":"Sansin Wood Wash wood cleaner and brightener (decks and fences)"}]},{"@type":"WebSite","@id":"https:\/\/colobar.ca\/en\/#website","url":"https:\/\/colobar.ca\/en\/","name":"Colobar","description":"Painting and Decorating for Individuals and Businesses","publisher":{"@id":"https:\/\/colobar.ca\/en\/#organization"},"potentialAction":[{"@type":"SearchAction","target":{"@type":"EntryPoint","urlTemplate":"https:\/\/colobar.ca\/en\/?s={search_term_string}"},"query-input":{"@type":"PropertyValueSpecification","valueRequired":true,"valueName":"search_term_string"}}],"inLanguage":"en-US"},{"@type":["Organization","Place","HomeAndConstructionBusiness"],"@id":"https:\/\/colobar.ca\/en\/#organization","name":"Colobar","url":"https:\/\/colobar.ca\/en\/","logo":{"@id":"https:\/\/colobar.ca\/en\/produits\/wood-treatment\/cleaners\/sansin-wood-wash-wood-cleaner-and-brightener-decks-and-fences\/#local-main-organization-logo"},"image":{"@id":"https:\/\/colobar.ca\/en\/produits\/wood-treatment\/cleaners\/sansin-wood-wash-wood-cleaner-and-brightener-decks-and-fences\/#local-main-organization-logo"},"sameAs":["https:\/\/www.facebook.com\/colobar\/","https:\/\/www.pinterest.ca\/colobar\/","https:\/\/www.youtube.com\/colobartv"],"description":"Magasin de peinture & d\u00e9coration sp\u00e9cialis\u00e9 dans la peinture, traitement du bois, rev\u00eatement \u00e9poxy, et la d\u00e9coration. Designer sur place.","legalName":"Colobar Peinture & D\u00e9coration","foundingDate":"1959-10-01","numberOfEmployees":{"@type":"QuantitativeValue","minValue":"11","maxValue":"50"},"hasMerchantReturnPolicy":{"@type":"MerchantReturnPolicy","merchantReturnLink":"https:\/\/colobar.ca\/politiques-de-vente\/"},"address":{"@id":"https:\/\/colobar.ca\/en\/produits\/wood-treatment\/cleaners\/sansin-wood-wash-wood-cleaner-and-brightener-decks-and-fences\/#local-main-place-address"},"geo":{"@type":"GeoCoordinates","latitude":"45.56725","longitude":"-73.68827399999999"},"telephone":["4506677200","18446657200"],"contactPoint":{"@type":"ContactPoint","telephone":"18446657200","email":"info@colobar.ca"},"openingHoursSpecification":[{"@type":"OpeningHoursSpecification","dayOfWeek":["Monday","Tuesday","Wednesday","Thursday","Friday"],"opens":"09:00","closes":"16:00"},{"@type":"OpeningHoursSpecification","dayOfWeek":["Saturday","Sunday"],"opens":"00:00","closes":"00:00"}],"email":"info@colobar.ca","areaServed":"Grand Montr\u00e9al","priceRange":"$$","paymentAccepted":"Comptant, Visa, Mastercard, APPLE PAY"},{"@type":"PostalAddress","@id":"https:\/\/colobar.ca\/en\/produits\/wood-treatment\/cleaners\/sansin-wood-wash-wood-cleaner-and-brightener-decks-and-fences\/#local-main-place-address","streetAddress":"357 boul. des Laurentides","addressLocality":"Laval","postalCode":"H7G 2T9","addressRegion":"Qu\u00e9bec","addressCountry":"CA"},{"@type":"ImageObject","inLanguage":"en-US","@id":"https:\/\/colobar.ca\/en\/produits\/wood-treatment\/cleaners\/sansin-wood-wash-wood-cleaner-and-brightener-decks-and-fences\/#local-main-organization-logo","url":"https:\/\/colobar.ca\/wp-content\/uploads\/cropped-logo-colobar-copy.png","contentUrl":"https:\/\/colobar.ca\/wp-content\/uploads\/cropped-logo-colobar-copy.png","width":512,"height":512,"caption":"Colobar"}]},"product_brand":"Sansin","product_price_amount":"49.89","product_price_currency":"CAD","og_availability":"instock","product_availability":"instock","product_retailer_item_id":"624014812017","product_condition":"new","geo.placename":"Laval","geo.position":{"lat":"45.56725","long":"-73.68827399999999"},"geo.region":"Canada"},"_links":{"self":[{"href":"https:\/\/colobar.ca\/en\/wp-json\/wp\/v2\/product\/154491","targetHints":{"allow":["GET"]}}],"collection":[{"href":"https:\/\/colobar.ca\/en\/wp-json\/wp\/v2\/product"}],"about":[{"href":"https:\/\/colobar.ca\/en\/wp-json\/wp\/v2\/types\/product"}],"replies":[{"embeddable":true,"href":"https:\/\/colobar.ca\/en\/wp-json\/wp\/v2\/comments?post=154491"}],"wp:featuredmedia":[{"embeddable":true,"href":"https:\/\/colobar.ca\/en\/wp-json\/wp\/v2\/media\/47436"}],"wp:attachment":[{"href":"https:\/\/colobar.ca\/en\/wp-json\/wp\/v2\/media?parent=154491"}],"wp:term":[{"taxonomy":"product_brand","embeddable":true,"href":"https:\/\/colobar.ca\/en\/wp-json\/wp\/v2\/product_brand?post=154491"},{"taxonomy":"product_cat","embeddable":true,"href":"https:\/\/colobar.ca\/en\/wp-json\/wp\/v2\/product_cat?post=154491"},{"taxonomy":"product_tag","embeddable":true,"href":"https:\/\/colobar.ca\/en\/wp-json\/wp\/v2\/product_tag?post=154491"}],"curies":[{"name":"wp","href":"https:\/\/api.w.org\/{rel}","templated":true}]}}