{"id":154982,"date":"2018-04-18T12:05:59","date_gmt":"2018-04-18T16:05:59","guid":{"rendered":"https:\/\/colobar.ca\/produits\/uncategorized\/4-inch-stain-brush\/"},"modified":"2026-05-12T15:24:00","modified_gmt":"2026-05-12T19:24:00","slug":"4-inch-stain-brush","status":"publish","type":"product","link":"https:\/\/colobar.ca\/en\/produits\/application-tools\/brushes\/4-inch-stain-brush\/","title":{"rendered":"Stain Brush (4 inch)"},"content":{"rendered":"<h1>Stain Brush (4 inch)<\/h1>\n<p>The 4-inch natural bristle stain brush from Passeport-\u00e9lite is specially designed for thinner products, such as exterior stains and natural interior and exterior oils. Thanks to its natural fibers, it absorbs and retains liquid products better than a synthetic brush. At 4 inches, it is ideal for cutting in exterior stains and applying natural oils.  <\/p>\n<ul>\n<li>4-inch Size<\/li>\n<li>Natural fibres<\/li>\n<li>Ideal for exterior stain and natural oils<\/li>\n<li>Designed for liquid products<\/li>\n<li>Does not shed bristles<\/li>\n<\/ul>\n","protected":false},"excerpt":{"rendered":"<ul>\n<li>4-inch Size<\/li>\n<li>Natural fibres<\/li>\n<li>Ideal for exterior stain and natural oils<\/li>\n<li>Designed for liquid products<\/li>\n<li>Does not shed bristles<\/li>\n<\/ul>\n<p>[icon color=\"Accent-Color\" size=\"small\" icon_size=\"\" image=\"fa-truck\"]  Estimated delivery: 2-3 business days<\/p>\n<p>[icon color=\"Accent-Color\" size=\"small\" icon_size=\"\" image=\"fa-map-marker\"] In-store pickup available<\/p>\n","protected":false},"featured_media":154983,"comment_status":"open","ping_status":"closed","template":"","meta":{"_monsterinsights_skip_tracking":false,"_monsterinsights_sitenote_active":false,"_monsterinsights_sitenote_note":"","_monsterinsights_sitenote_category":0},"product_brand":[],"product_cat":[12774,12775],"product_tag":[12776,12496,12440,12439],"class_list":{"0":"post-154982","1":"product","2":"type-product","3":"status-publish","4":"has-post-thumbnail","6":"product_cat-application-tools","7":"product_cat-brushes","8":"product_tag-brush","9":"product_tag-fb_not_sync_og","10":"product_tag-ogshipping1","11":"product_tag-stain","12":"pa_marques-passeport-elite","14":"first","15":"instock","16":"taxable","17":"shipping-taxable","18":"purchasable","19":"product-type-simple"},"exclude_global_add_ons":[],"addons":[],"yoast_head":"<!-- This site is optimized with the Yoast SEO Premium plugin v27.5 (Yoast SEO v27.5) - https:\/\/yoast.com\/product\/yoast-seo-premium-wordpress\/ -->\n<title>Stain Brush (4 inch)<\/title>\n<meta name=\"description\" content=\"This stain brush is specifically designed for thinner products such as stains and natural oils. Shop now.\" \/>\n<meta name=\"robots\" content=\"index, follow, max-snippet:-1, max-image-preview:large, max-video-preview:-1\" \/>\n<link rel=\"canonical\" href=\"https:\/\/colobar.ca\/en\/produits\/application-tools\/brushes\/4-inch-stain-brush\/\" \/>\n<meta property=\"og:locale\" content=\"en_US\" \/>\n<meta property=\"og:type\" content=\"article\" \/>\n<meta property=\"og:title\" content=\"Stain Brush (4 inch)\" \/>\n<meta property=\"og:description\" content=\"4-inch Size  Natural fibres  Ideal for exterior stain and natural oils  Designed for liquid products  Does not shed bristles  Estimated delivery: 2-3 business days  In-store pickup available\" \/>\n<meta property=\"og:url\" content=\"https:\/\/colobar.ca\/en\/produits\/application-tools\/brushes\/4-inch-stain-brush\/\" \/>\n<meta property=\"og:site_name\" content=\"Colobar\" \/>\n<meta property=\"article:publisher\" content=\"https:\/\/www.facebook.com\/colobar\/\" \/>\n<meta property=\"article:modified_time\" content=\"2026-05-12T19:24:00+00:00\" \/>\n<meta property=\"og:image\" content=\"https:\/\/colobar.ca\/wp-content\/uploads\/700305-copy-1.png\" \/>\n\t<meta property=\"og:image:width\" content=\"500\" \/>\n\t<meta property=\"og:image:height\" content=\"500\" \/>\n\t<meta property=\"og:image:type\" content=\"image\/png\" \/>\n<meta name=\"twitter:label1\" content=\"Price\" \/>\n\t<meta name=\"twitter:data1\" content=\"12,99&nbsp;&#036;\" \/>\n\t<meta name=\"twitter:label2\" content=\"Availability\" \/>\n\t<meta name=\"twitter:data2\" content=\"In stock\" \/>\n<script type=\"application\/ld+json\" class=\"yoast-schema-graph\">{\"@context\":\"https:\\\/\\\/schema.org\",\"@graph\":[{\"@type\":[\"WebPage\",\"ItemPage\"],\"@id\":\"https:\\\/\\\/colobar.ca\\\/en\\\/produits\\\/application-tools\\\/brushes\\\/4-inch-stain-brush\\\/\",\"url\":\"https:\\\/\\\/colobar.ca\\\/en\\\/produits\\\/application-tools\\\/brushes\\\/4-inch-stain-brush\\\/\",\"name\":\"Stain Brush (4 inch)\",\"isPartOf\":{\"@id\":\"https:\\\/\\\/colobar.ca\\\/en\\\/#website\"},\"primaryImageOfPage\":{\"@id\":\"https:\\\/\\\/colobar.ca\\\/en\\\/produits\\\/application-tools\\\/brushes\\\/4-inch-stain-brush\\\/#primaryimage\"},\"image\":{\"@id\":\"https:\\\/\\\/colobar.ca\\\/en\\\/produits\\\/application-tools\\\/brushes\\\/4-inch-stain-brush\\\/#primaryimage\"},\"thumbnailUrl\":\"https:\\\/\\\/colobar.ca\\\/wp-content\\\/uploads\\\/700305-copy-1.png\",\"datePublished\":\"2018-04-18T16:05:59+00:00\",\"dateModified\":\"2026-05-12T19:24:00+00:00\",\"description\":\"This stain brush is specifically designed for thinner products such as stains and natural oils. Shop now.\",\"breadcrumb\":{\"@id\":\"https:\\\/\\\/colobar.ca\\\/en\\\/produits\\\/application-tools\\\/brushes\\\/4-inch-stain-brush\\\/#breadcrumb\"},\"inLanguage\":\"en-US\",\"potentialAction\":[{\"@type\":\"ReadAction\",\"target\":[\"https:\\\/\\\/colobar.ca\\\/en\\\/produits\\\/application-tools\\\/brushes\\\/4-inch-stain-brush\\\/\"]}]},{\"@type\":\"ImageObject\",\"inLanguage\":\"en-US\",\"@id\":\"https:\\\/\\\/colobar.ca\\\/en\\\/produits\\\/application-tools\\\/brushes\\\/4-inch-stain-brush\\\/#primaryimage\",\"url\":\"https:\\\/\\\/colobar.ca\\\/wp-content\\\/uploads\\\/700305-copy-1.png\",\"contentUrl\":\"https:\\\/\\\/colobar.ca\\\/wp-content\\\/uploads\\\/700305-copy-1.png\",\"width\":500,\"height\":500},{\"@type\":\"BreadcrumbList\",\"@id\":\"https:\\\/\\\/colobar.ca\\\/en\\\/produits\\\/application-tools\\\/brushes\\\/4-inch-stain-brush\\\/#breadcrumb\",\"itemListElement\":[{\"@type\":\"ListItem\",\"position\":1,\"name\":\"Shop\",\"item\":\"https:\\\/\\\/colobar.ca\\\/en\\\/shop\\\/\"},{\"@type\":\"ListItem\",\"position\":2,\"name\":\"Stain Brush (4 inch)\"}]},{\"@type\":\"WebSite\",\"@id\":\"https:\\\/\\\/colobar.ca\\\/en\\\/#website\",\"url\":\"https:\\\/\\\/colobar.ca\\\/en\\\/\",\"name\":\"Colobar\",\"description\":\"Painting and Decorating for Individuals and Businesses\",\"publisher\":{\"@id\":\"https:\\\/\\\/colobar.ca\\\/en\\\/#organization\"},\"potentialAction\":[{\"@type\":\"SearchAction\",\"target\":{\"@type\":\"EntryPoint\",\"urlTemplate\":\"https:\\\/\\\/colobar.ca\\\/en\\\/?s={search_term_string}\"},\"query-input\":{\"@type\":\"PropertyValueSpecification\",\"valueRequired\":true,\"valueName\":\"search_term_string\"}}],\"inLanguage\":\"en-US\"},{\"@type\":[\"Organization\",\"Place\",\"HomeAndConstructionBusiness\"],\"@id\":\"https:\\\/\\\/colobar.ca\\\/en\\\/#organization\",\"name\":\"Colobar\",\"url\":\"https:\\\/\\\/colobar.ca\\\/en\\\/\",\"logo\":{\"@id\":\"https:\\\/\\\/colobar.ca\\\/en\\\/produits\\\/application-tools\\\/brushes\\\/4-inch-stain-brush\\\/#local-main-organization-logo\"},\"image\":{\"@id\":\"https:\\\/\\\/colobar.ca\\\/en\\\/produits\\\/application-tools\\\/brushes\\\/4-inch-stain-brush\\\/#local-main-organization-logo\"},\"sameAs\":[\"https:\\\/\\\/www.facebook.com\\\/colobar\\\/\",\"https:\\\/\\\/www.pinterest.ca\\\/colobar\\\/\",\"https:\\\/\\\/www.youtube.com\\\/colobartv\"],\"description\":\"Magasin de peinture & d\u00e9coration sp\u00e9cialis\u00e9 dans la peinture, traitement du bois, rev\u00eatement \u00e9poxy, et la d\u00e9coration. Designer sur place.\",\"legalName\":\"Colobar Peinture & D\u00e9coration\",\"foundingDate\":\"1959-10-01\",\"numberOfEmployees\":{\"@type\":\"QuantitativeValue\",\"minValue\":\"11\",\"maxValue\":\"50\"},\"hasMerchantReturnPolicy\":{\"@type\":\"MerchantReturnPolicy\",\"merchantReturnLink\":\"https:\\\/\\\/colobar.ca\\\/politiques-de-vente\\\/\"},\"address\":{\"@id\":\"https:\\\/\\\/colobar.ca\\\/en\\\/produits\\\/application-tools\\\/brushes\\\/4-inch-stain-brush\\\/#local-main-place-address\"},\"geo\":{\"@type\":\"GeoCoordinates\",\"latitude\":\"45.56725\",\"longitude\":\"-73.68827399999999\"},\"telephone\":[\"4506677200\",\"18446657200\"],\"contactPoint\":{\"@type\":\"ContactPoint\",\"telephone\":\"18446657200\",\"email\":\"info@colobar.ca\"},\"openingHoursSpecification\":[{\"@type\":\"OpeningHoursSpecification\",\"dayOfWeek\":[\"Monday\",\"Tuesday\",\"Wednesday\",\"Thursday\",\"Friday\"],\"opens\":\"09:00\",\"closes\":\"16:00\"},{\"@type\":\"OpeningHoursSpecification\",\"dayOfWeek\":[\"Saturday\",\"Sunday\"],\"opens\":\"00:00\",\"closes\":\"00:00\"}],\"email\":\"info@colobar.ca\",\"areaServed\":\"Grand Montr\u00e9al\",\"priceRange\":\"$$\",\"paymentAccepted\":\"Comptant, Visa, Mastercard, APPLE PAY\"},{\"@type\":\"PostalAddress\",\"@id\":\"https:\\\/\\\/colobar.ca\\\/en\\\/produits\\\/application-tools\\\/brushes\\\/4-inch-stain-brush\\\/#local-main-place-address\",\"streetAddress\":\"357 boul. des Laurentides\",\"addressLocality\":\"Laval\",\"postalCode\":\"H7G 2T9\",\"addressRegion\":\"Qu\u00e9bec\",\"addressCountry\":\"CA\"},{\"@type\":\"ImageObject\",\"inLanguage\":\"en-US\",\"@id\":\"https:\\\/\\\/colobar.ca\\\/en\\\/produits\\\/application-tools\\\/brushes\\\/4-inch-stain-brush\\\/#local-main-organization-logo\",\"url\":\"https:\\\/\\\/colobar.ca\\\/wp-content\\\/uploads\\\/cropped-logo-colobar-copy.png\",\"contentUrl\":\"https:\\\/\\\/colobar.ca\\\/wp-content\\\/uploads\\\/cropped-logo-colobar-copy.png\",\"width\":512,\"height\":512,\"caption\":\"Colobar\"}]}<\/script>\n<meta property=\"product:brand\" content=\"Passeport \u00c9lite\" \/>\n<meta property=\"product:price:amount\" content=\"12.99\" \/>\n<meta property=\"product:price:currency\" content=\"CAD\" \/>\n<meta property=\"og:availability\" content=\"instock\" \/>\n<meta property=\"product:availability\" content=\"instock\" \/>\n<meta property=\"product:retailer_item_id\" content=\"873437003056\" \/>\n<meta property=\"product:condition\" content=\"new\" \/>\n<meta name=\"geo.placename\" content=\"Laval\" \/>\n<meta name=\"geo.position\" content=\"45.56725;-73.68827399999999\" \/>\n<meta name=\"geo.region\" content=\"Canada\" \/>\n<!-- \/ Yoast SEO Premium plugin. -->","yoast_head_json":{"title":"Stain Brush (4 inch)","description":"This stain brush is specifically designed for thinner products such as stains and natural oils. Shop now.","robots":{"index":"index","follow":"follow","max-snippet":"max-snippet:-1","max-image-preview":"max-image-preview:large","max-video-preview":"max-video-preview:-1"},"canonical":"https:\/\/colobar.ca\/en\/produits\/application-tools\/brushes\/4-inch-stain-brush\/","og_locale":"en_US","og_type":"article","og_title":"Stain Brush (4 inch)","og_description":"4-inch Size  Natural fibres  Ideal for exterior stain and natural oils  Designed for liquid products  Does not shed bristles  Estimated delivery: 2-3 business days  In-store pickup available","og_url":"https:\/\/colobar.ca\/en\/produits\/application-tools\/brushes\/4-inch-stain-brush\/","og_site_name":"Colobar","article_publisher":"https:\/\/www.facebook.com\/colobar\/","article_modified_time":"2026-05-12T19:24:00+00:00","og_image":[{"width":500,"height":500,"url":"https:\/\/colobar.ca\/wp-content\/uploads\/700305-copy-1.png","type":"image\/png"}],"twitter_misc":{"Price":"12,99&nbsp;&#36;","Availability":"In stock"},"schema":{"@context":"https:\/\/schema.org","@graph":[{"@type":["WebPage","ItemPage"],"@id":"https:\/\/colobar.ca\/en\/produits\/application-tools\/brushes\/4-inch-stain-brush\/","url":"https:\/\/colobar.ca\/en\/produits\/application-tools\/brushes\/4-inch-stain-brush\/","name":"Stain Brush (4 inch)","isPartOf":{"@id":"https:\/\/colobar.ca\/en\/#website"},"primaryImageOfPage":{"@id":"https:\/\/colobar.ca\/en\/produits\/application-tools\/brushes\/4-inch-stain-brush\/#primaryimage"},"image":{"@id":"https:\/\/colobar.ca\/en\/produits\/application-tools\/brushes\/4-inch-stain-brush\/#primaryimage"},"thumbnailUrl":"https:\/\/colobar.ca\/wp-content\/uploads\/700305-copy-1.png","datePublished":"2018-04-18T16:05:59+00:00","dateModified":"2026-05-12T19:24:00+00:00","description":"This stain brush is specifically designed for thinner products such as stains and natural oils. Shop now.","breadcrumb":{"@id":"https:\/\/colobar.ca\/en\/produits\/application-tools\/brushes\/4-inch-stain-brush\/#breadcrumb"},"inLanguage":"en-US","potentialAction":[{"@type":"ReadAction","target":["https:\/\/colobar.ca\/en\/produits\/application-tools\/brushes\/4-inch-stain-brush\/"]}]},{"@type":"ImageObject","inLanguage":"en-US","@id":"https:\/\/colobar.ca\/en\/produits\/application-tools\/brushes\/4-inch-stain-brush\/#primaryimage","url":"https:\/\/colobar.ca\/wp-content\/uploads\/700305-copy-1.png","contentUrl":"https:\/\/colobar.ca\/wp-content\/uploads\/700305-copy-1.png","width":500,"height":500},{"@type":"BreadcrumbList","@id":"https:\/\/colobar.ca\/en\/produits\/application-tools\/brushes\/4-inch-stain-brush\/#breadcrumb","itemListElement":[{"@type":"ListItem","position":1,"name":"Shop","item":"https:\/\/colobar.ca\/en\/shop\/"},{"@type":"ListItem","position":2,"name":"Stain Brush (4 inch)"}]},{"@type":"WebSite","@id":"https:\/\/colobar.ca\/en\/#website","url":"https:\/\/colobar.ca\/en\/","name":"Colobar","description":"Painting and Decorating for Individuals and Businesses","publisher":{"@id":"https:\/\/colobar.ca\/en\/#organization"},"potentialAction":[{"@type":"SearchAction","target":{"@type":"EntryPoint","urlTemplate":"https:\/\/colobar.ca\/en\/?s={search_term_string}"},"query-input":{"@type":"PropertyValueSpecification","valueRequired":true,"valueName":"search_term_string"}}],"inLanguage":"en-US"},{"@type":["Organization","Place","HomeAndConstructionBusiness"],"@id":"https:\/\/colobar.ca\/en\/#organization","name":"Colobar","url":"https:\/\/colobar.ca\/en\/","logo":{"@id":"https:\/\/colobar.ca\/en\/produits\/application-tools\/brushes\/4-inch-stain-brush\/#local-main-organization-logo"},"image":{"@id":"https:\/\/colobar.ca\/en\/produits\/application-tools\/brushes\/4-inch-stain-brush\/#local-main-organization-logo"},"sameAs":["https:\/\/www.facebook.com\/colobar\/","https:\/\/www.pinterest.ca\/colobar\/","https:\/\/www.youtube.com\/colobartv"],"description":"Magasin de peinture & d\u00e9coration sp\u00e9cialis\u00e9 dans la peinture, traitement du bois, rev\u00eatement \u00e9poxy, et la d\u00e9coration. Designer sur place.","legalName":"Colobar Peinture & D\u00e9coration","foundingDate":"1959-10-01","numberOfEmployees":{"@type":"QuantitativeValue","minValue":"11","maxValue":"50"},"hasMerchantReturnPolicy":{"@type":"MerchantReturnPolicy","merchantReturnLink":"https:\/\/colobar.ca\/politiques-de-vente\/"},"address":{"@id":"https:\/\/colobar.ca\/en\/produits\/application-tools\/brushes\/4-inch-stain-brush\/#local-main-place-address"},"geo":{"@type":"GeoCoordinates","latitude":"45.56725","longitude":"-73.68827399999999"},"telephone":["4506677200","18446657200"],"contactPoint":{"@type":"ContactPoint","telephone":"18446657200","email":"info@colobar.ca"},"openingHoursSpecification":[{"@type":"OpeningHoursSpecification","dayOfWeek":["Monday","Tuesday","Wednesday","Thursday","Friday"],"opens":"09:00","closes":"16:00"},{"@type":"OpeningHoursSpecification","dayOfWeek":["Saturday","Sunday"],"opens":"00:00","closes":"00:00"}],"email":"info@colobar.ca","areaServed":"Grand Montr\u00e9al","priceRange":"$$","paymentAccepted":"Comptant, Visa, Mastercard, APPLE PAY"},{"@type":"PostalAddress","@id":"https:\/\/colobar.ca\/en\/produits\/application-tools\/brushes\/4-inch-stain-brush\/#local-main-place-address","streetAddress":"357 boul. des Laurentides","addressLocality":"Laval","postalCode":"H7G 2T9","addressRegion":"Qu\u00e9bec","addressCountry":"CA"},{"@type":"ImageObject","inLanguage":"en-US","@id":"https:\/\/colobar.ca\/en\/produits\/application-tools\/brushes\/4-inch-stain-brush\/#local-main-organization-logo","url":"https:\/\/colobar.ca\/wp-content\/uploads\/cropped-logo-colobar-copy.png","contentUrl":"https:\/\/colobar.ca\/wp-content\/uploads\/cropped-logo-colobar-copy.png","width":512,"height":512,"caption":"Colobar"}]},"product_brand":"Passeport \u00c9lite","product_price_amount":"12.99","product_price_currency":"CAD","og_availability":"instock","product_availability":"instock","product_retailer_item_id":"873437003056","product_condition":"new","geo.placename":"Laval","geo.position":{"lat":"45.56725","long":"-73.68827399999999"},"geo.region":"Canada"},"_links":{"self":[{"href":"https:\/\/colobar.ca\/en\/wp-json\/wp\/v2\/product\/154982","targetHints":{"allow":["GET"]}}],"collection":[{"href":"https:\/\/colobar.ca\/en\/wp-json\/wp\/v2\/product"}],"about":[{"href":"https:\/\/colobar.ca\/en\/wp-json\/wp\/v2\/types\/product"}],"replies":[{"embeddable":true,"href":"https:\/\/colobar.ca\/en\/wp-json\/wp\/v2\/comments?post=154982"}],"wp:featuredmedia":[{"embeddable":true,"href":"https:\/\/colobar.ca\/en\/wp-json\/wp\/v2\/media\/154983"}],"wp:attachment":[{"href":"https:\/\/colobar.ca\/en\/wp-json\/wp\/v2\/media?parent=154982"}],"wp:term":[{"taxonomy":"product_brand","embeddable":true,"href":"https:\/\/colobar.ca\/en\/wp-json\/wp\/v2\/product_brand?post=154982"},{"taxonomy":"product_cat","embeddable":true,"href":"https:\/\/colobar.ca\/en\/wp-json\/wp\/v2\/product_cat?post=154982"},{"taxonomy":"product_tag","embeddable":true,"href":"https:\/\/colobar.ca\/en\/wp-json\/wp\/v2\/product_tag?post=154982"}],"curies":[{"name":"wp","href":"https:\/\/api.w.org\/{rel}","templated":true}]}}