{"id":155359,"date":"2018-04-18T12:10:07","date_gmt":"2018-04-18T16:10:07","guid":{"rendered":"https:\/\/colobar.ca\/produits\/uncategorized\/traditional-cabinetmakers-buffing-wax\/"},"modified":"2026-05-11T15:42:10","modified_gmt":"2026-05-11T19:42:10","slug":"traditional-cabinetmakers-buffing-wax","status":"publish","type":"product","link":"https:\/\/colobar.ca\/en\/produits\/wood-treatment\/wax\/traditional-cabinetmakers-buffing-wax\/","title":{"rendered":"Traditional Cabinetmakers&#8217; Buffing Wax"},"content":{"rendered":"[vc_row type=&#8221;in_container&#8221; full_screen_row_position=&#8221;middle&#8221; column_margin=&#8221;default&#8221; column_direction=&#8221;default&#8221; column_direction_tablet=&#8221;default&#8221; column_direction_phone=&#8221;default&#8221; scene_position=&#8221;center&#8221; text_color=&#8221;dark&#8221; text_align=&#8221;left&#8221; row_border_radius=&#8221;none&#8221; row_border_radius_applies=&#8221;bg&#8221; overflow=&#8221;visible&#8221; overlay_strength=&#8221;0.3&#8243; gradient_direction=&#8221;left_to_right&#8221; shape_divider_position=&#8221;bottom&#8221; bg_image_animation=&#8221;none&#8221;][vc_column column_padding=&#8221;no-extra-padding&#8221; column_padding_tablet=&#8221;inherit&#8221; column_padding_phone=&#8221;inherit&#8221; column_padding_position=&#8221;all&#8221; column_element_spacing=&#8221;default&#8221; background_color_opacity=&#8221;1&#8243; background_hover_color_opacity=&#8221;1&#8243; column_shadow=&#8221;none&#8221; column_border_radius=&#8221;none&#8221; column_link_target=&#8221;_self&#8221; column_position=&#8221;default&#8221; gradient_direction=&#8221;left_to_right&#8221; overlay_strength=&#8221;0.3&#8243; width=&#8221;1\/1&#8243; tablet_width_inherit=&#8221;default&#8221; tablet_text_alignment=&#8221;default&#8221; phone_text_alignment=&#8221;default&#8221; animation_type=&#8221;default&#8221; bg_image_animation=&#8221;none&#8221; border_type=&#8221;simple&#8221; column_border_width=&#8221;none&#8221; column_border_style=&#8221;solid&#8221; css=&#8221;.vc_custom_1444833253071{padding-bottom: 30px !important;}&#8221;][vc_custom_heading text=&#8221;Traditional Cabinetmakers&#039; Buffing Wax&#8221; font_container=&#8221;tag:h1|text_align:center|color:#000000&#8243; use_theme_fonts=&#8221;yes&#8221;][\/vc_column][\/vc_row][vc_row type=&#8221;in_container&#8221; full_screen_row_position=&#8221;middle&#8221; column_margin=&#8221;default&#8221; column_direction=&#8221;default&#8221; column_direction_tablet=&#8221;default&#8221; column_direction_phone=&#8221;default&#8221; scene_position=&#8221;center&#8221; text_color=&#8221;dark&#8221; text_align=&#8221;left&#8221; row_border_radius=&#8221;none&#8221; row_border_radius_applies=&#8221;bg&#8221; overflow=&#8221;visible&#8221; id=&#8221;information&#8221; advanced_gradient_angle=&#8221;0&#8243; overlay_strength=&#8221;0.3&#8243; gradient_direction=&#8221;left_to_right&#8221; shape_divider_position=&#8221;bottom&#8221; bg_image_animation=&#8221;none&#8221; gradient_type=&#8221;default&#8221; shape_type=&#8221;&#8221;][vc_column column_padding=&#8221;no-extra-padding&#8221; column_padding_tablet=&#8221;inherit&#8221; column_padding_phone=&#8221;inherit&#8221; column_padding_position=&#8221;all&#8221; column_element_spacing=&#8221;default&#8221; background_color_opacity=&#8221;1&#8243; background_hover_color_opacity=&#8221;1&#8243; column_shadow=&#8221;none&#8221; column_border_radius=&#8221;none&#8221; column_link_target=&#8221;_self&#8221; column_position=&#8221;default&#8221; gradient_direction=&#8221;left_to_right&#8221; overlay_strength=&#8221;0.3&#8243; width=&#8221;1\/2&#8243; tablet_width_inherit=&#8221;default&#8221; tablet_text_alignment=&#8221;default&#8221; phone_text_alignment=&#8221;default&#8221; animation_type=&#8221;default&#8221; bg_image_animation=&#8221;none&#8221; border_type=&#8221;simple&#8221; column_border_width=&#8221;none&#8221; column_border_style=&#8221;solid&#8221;][vc_column_text]\n<p style=\"text-align: justify;\">Formulated with beeswax and Candelilla wax, the Buffing Wax imparts a beautiful shine to all your indoor furniture and woodwork. Its natural, UV-resistant pigments help restore antique patinas. <\/p>\n<h3 style=\"text-align: left;\">Preparation:<\/h3>\n<p style=\"text-align: justify;\">Apply to raw or waxed wood. For raw wood, it is recommended to pre-stain with Traditional Cabinetmakers&#8217; Wood Stain. For soiled wood, use Traditional Cabinetmakers&#8217; Wax Remover.  <\/p>\n<h3 style=\"text-align: left;\">How to apply:<\/h3>\n<p style=\"text-align: justify;\">Apply a first coat of Buffing Wax with Traditional Cabinetmakers&#8217; Cotton Wick, then immediately apply a second coat without allowing it to dry. Allow to dry for \u00b130 min, then buff to a shine with a soft cloth, or for a more intense shine, use Waxine&#8217;s Polishing Brush. <\/p>\n<h3>Size:<\/h3>\n<p>300 ml &amp; 5 L<\/p>\n<h3>Maintenance:<\/h3>\n<p>Traditional Cabinetmakers&#8217; Maintenance Wax or an application every 6 months or as needed.<\/p>\n<h3>Cleaning:<\/h3>\n<p>Turpentine or Wax Remover<\/p>\n<h3>Information:<\/h3>\n<p>The dark appearance of the wax in the container can be misleading; please consider the shade name you desire when making your selection.[\/vc_column_text][\/vc_column][vc_column column_padding=&#8221;no-extra-padding&#8221; column_padding_tablet=&#8221;inherit&#8221; column_padding_phone=&#8221;inherit&#8221; column_padding_position=&#8221;all&#8221; column_element_spacing=&#8221;default&#8221; background_color_opacity=&#8221;1&#8243; background_hover_color_opacity=&#8221;1&#8243; column_shadow=&#8221;none&#8221; column_border_radius=&#8221;none&#8221; column_link_target=&#8221;_self&#8221; column_position=&#8221;default&#8221; gradient_direction=&#8221;left_to_right&#8221; overlay_strength=&#8221;0.3&#8243; width=&#8221;1\/2&#8243; tablet_width_inherit=&#8221;default&#8221; tablet_text_alignment=&#8221;default&#8221; phone_text_alignment=&#8221;default&#8221; animation_type=&#8221;default&#8221; bg_image_animation=&#8221;none&#8221; border_type=&#8221;simple&#8221; column_border_width=&#8221;none&#8221; column_border_style=&#8221;solid&#8221;][vc_custom_heading text=&#8221;Available Colors:&#8221; font_container=&#8221;tag:h2|text_align:center&#8221; use_theme_fonts=&#8221;yes&#8221;][divider line_type=&#8221;No Line&#8221; custom_height=&#8221;15px&#8221;][image_with_animation image_url=&#8221;25940&#8243; image_size=&#8221;full&#8221; animation_type=&#8221;entrance&#8221; animation=&#8221;Fade In&#8221; hover_animation=&#8221;none&#8221; alignment=&#8221;center&#8221; border_radius=&#8221;none&#8221; box_shadow=&#8221;none&#8221; image_loading=&#8221;default&#8221; max_width=&#8221;100%&#8221; max_width_mobile=&#8221;default&#8221;][\/vc_column][\/vc_row]\n","protected":false},"excerpt":{"rendered":"<p>[icon color=\"Accent-Color\" size=\"small\" icon_size=\"\" image=\"fa-truck\"] Estimated Delivery: 3-4 business days<\/p>\n<p>[icon color=\"Accent-Color\" size=\"small\" icon_size=\"\" image=\"fa-map-marker\"] In-store pickup available<\/p>\n","protected":false},"featured_media":20609,"comment_status":"open","ping_status":"closed","template":"","meta":{"_monsterinsights_skip_tracking":false,"_monsterinsights_sitenote_active":false,"_monsterinsights_sitenote_note":"","_monsterinsights_sitenote_category":0},"product_brand":[],"product_cat":[13352],"product_tag":[13273,12496,12440,13353,13311],"class_list":{"0":"post-155359","1":"product","2":"type-product","3":"status-publish","4":"has-post-thumbnail","6":"product_cat-wax","7":"product_tag-cabinetmakers","8":"product_tag-fb_not_sync_og","9":"product_tag-ogshipping1","10":"product_tag-traditional-cabinetmakers","11":"product_tag-wax","12":"pa_marques-traditional-cabinetmakers","14":"first","15":"instock","16":"taxable","17":"shipping-taxable","18":"purchasable","19":"product-type-variable"},"exclude_global_add_ons":[],"addons":[],"yoast_head":"<!-- This site is optimized with the Yoast SEO Premium plugin v27.5 (Yoast SEO v27.5) - https:\/\/yoast.com\/product\/yoast-seo-premium-wordpress\/ -->\n<title>Traditional Cabinetmakers&#039; Buffing Wax<\/title>\n<meta name=\"description\" content=\"Formulated with beeswax and Candelilla wax, the Buffing Wax imparts a beautiful shine to all your indoor furniture and woodwork.\" \/>\n<meta name=\"robots\" content=\"index, follow, max-snippet:-1, max-image-preview:large, max-video-preview:-1\" \/>\n<link rel=\"canonical\" href=\"https:\/\/colobar.ca\/en\/produits\/wood-treatment\/wax\/traditional-cabinetmakers-buffing-wax\/\" \/>\n<meta property=\"og:locale\" content=\"en_US\" \/>\n<meta property=\"og:type\" content=\"article\" \/>\n<meta property=\"og:title\" content=\"Traditional Cabinetmakers&#039; Buffing Wax\" \/>\n<meta property=\"og:description\" content=\"Estimated Delivery: 3-4 business days  In-store pickup available\" \/>\n<meta property=\"og:url\" content=\"https:\/\/colobar.ca\/en\/produits\/wood-treatment\/wax\/traditional-cabinetmakers-buffing-wax\/\" \/>\n<meta property=\"og:site_name\" content=\"Colobar\" \/>\n<meta property=\"article:publisher\" content=\"https:\/\/www.facebook.com\/colobar\/\" \/>\n<meta property=\"article:modified_time\" content=\"2026-05-11T19:42:10+00:00\" \/>\n<meta property=\"og:image\" content=\"https:\/\/colobar.ca\/wp-content\/uploads\/cire-a-patine-des-anciens-ebenistes-1.jpg\" \/>\n\t<meta property=\"og:image:width\" content=\"600\" \/>\n\t<meta property=\"og:image:height\" content=\"600\" \/>\n\t<meta property=\"og:image:type\" content=\"image\/jpeg\" \/>\n<meta name=\"twitter:label1\" content=\"Availability\" \/>\n\t<meta name=\"twitter:data1\" content=\"In stock\" \/>\n<script type=\"application\/ld+json\" class=\"yoast-schema-graph\">{\"@context\":\"https:\\\/\\\/schema.org\",\"@graph\":[{\"@type\":[\"WebPage\",\"ItemPage\"],\"@id\":\"https:\\\/\\\/colobar.ca\\\/en\\\/produits\\\/wood-treatment\\\/wax\\\/traditional-cabinetmakers-buffing-wax\\\/\",\"url\":\"https:\\\/\\\/colobar.ca\\\/en\\\/produits\\\/wood-treatment\\\/wax\\\/traditional-cabinetmakers-buffing-wax\\\/\",\"name\":\"Traditional Cabinetmakers' Buffing Wax\",\"isPartOf\":{\"@id\":\"https:\\\/\\\/colobar.ca\\\/en\\\/#website\"},\"primaryImageOfPage\":{\"@id\":\"https:\\\/\\\/colobar.ca\\\/en\\\/produits\\\/wood-treatment\\\/wax\\\/traditional-cabinetmakers-buffing-wax\\\/#primaryimage\"},\"image\":{\"@id\":\"https:\\\/\\\/colobar.ca\\\/en\\\/produits\\\/wood-treatment\\\/wax\\\/traditional-cabinetmakers-buffing-wax\\\/#primaryimage\"},\"thumbnailUrl\":\"https:\\\/\\\/colobar.ca\\\/wp-content\\\/uploads\\\/cire-a-patine-des-anciens-ebenistes-1.jpg\",\"datePublished\":\"2018-04-18T16:10:07+00:00\",\"dateModified\":\"2026-05-11T19:42:10+00:00\",\"description\":\"Formulated with beeswax and Candelilla wax, the Buffing Wax imparts a beautiful shine to all your indoor furniture and woodwork.\",\"breadcrumb\":{\"@id\":\"https:\\\/\\\/colobar.ca\\\/en\\\/produits\\\/wood-treatment\\\/wax\\\/traditional-cabinetmakers-buffing-wax\\\/#breadcrumb\"},\"inLanguage\":\"en-US\",\"potentialAction\":[{\"@type\":\"ReadAction\",\"target\":[\"https:\\\/\\\/colobar.ca\\\/en\\\/produits\\\/wood-treatment\\\/wax\\\/traditional-cabinetmakers-buffing-wax\\\/\"]}]},{\"@type\":\"ImageObject\",\"inLanguage\":\"en-US\",\"@id\":\"https:\\\/\\\/colobar.ca\\\/en\\\/produits\\\/wood-treatment\\\/wax\\\/traditional-cabinetmakers-buffing-wax\\\/#primaryimage\",\"url\":\"https:\\\/\\\/colobar.ca\\\/wp-content\\\/uploads\\\/cire-a-patine-des-anciens-ebenistes-1.jpg\",\"contentUrl\":\"https:\\\/\\\/colobar.ca\\\/wp-content\\\/uploads\\\/cire-a-patine-des-anciens-ebenistes-1.jpg\",\"width\":600,\"height\":600},{\"@type\":\"BreadcrumbList\",\"@id\":\"https:\\\/\\\/colobar.ca\\\/en\\\/produits\\\/wood-treatment\\\/wax\\\/traditional-cabinetmakers-buffing-wax\\\/#breadcrumb\",\"itemListElement\":[{\"@type\":\"ListItem\",\"position\":1,\"name\":\"Shop\",\"item\":\"https:\\\/\\\/colobar.ca\\\/en\\\/shop\\\/\"},{\"@type\":\"ListItem\",\"position\":2,\"name\":\"Traditional Cabinetmakers&rsquo; Buffing Wax\"}]},{\"@type\":\"WebSite\",\"@id\":\"https:\\\/\\\/colobar.ca\\\/en\\\/#website\",\"url\":\"https:\\\/\\\/colobar.ca\\\/en\\\/\",\"name\":\"Colobar\",\"description\":\"Painting and Decorating for Individuals and Businesses\",\"publisher\":{\"@id\":\"https:\\\/\\\/colobar.ca\\\/en\\\/#organization\"},\"potentialAction\":[{\"@type\":\"SearchAction\",\"target\":{\"@type\":\"EntryPoint\",\"urlTemplate\":\"https:\\\/\\\/colobar.ca\\\/en\\\/?s={search_term_string}\"},\"query-input\":{\"@type\":\"PropertyValueSpecification\",\"valueRequired\":true,\"valueName\":\"search_term_string\"}}],\"inLanguage\":\"en-US\"},{\"@type\":[\"Organization\",\"Place\",\"HomeAndConstructionBusiness\"],\"@id\":\"https:\\\/\\\/colobar.ca\\\/en\\\/#organization\",\"name\":\"Colobar\",\"url\":\"https:\\\/\\\/colobar.ca\\\/en\\\/\",\"logo\":{\"@id\":\"https:\\\/\\\/colobar.ca\\\/en\\\/produits\\\/wood-treatment\\\/wax\\\/traditional-cabinetmakers-buffing-wax\\\/#local-main-organization-logo\"},\"image\":{\"@id\":\"https:\\\/\\\/colobar.ca\\\/en\\\/produits\\\/wood-treatment\\\/wax\\\/traditional-cabinetmakers-buffing-wax\\\/#local-main-organization-logo\"},\"sameAs\":[\"https:\\\/\\\/www.facebook.com\\\/colobar\\\/\",\"https:\\\/\\\/www.pinterest.ca\\\/colobar\\\/\",\"https:\\\/\\\/www.youtube.com\\\/colobartv\"],\"description\":\"Magasin de peinture & d\u00e9coration sp\u00e9cialis\u00e9 dans la peinture, traitement du bois, rev\u00eatement \u00e9poxy, et la d\u00e9coration. Designer sur place.\",\"legalName\":\"Colobar Peinture & D\u00e9coration\",\"foundingDate\":\"1959-10-01\",\"numberOfEmployees\":{\"@type\":\"QuantitativeValue\",\"minValue\":\"11\",\"maxValue\":\"50\"},\"hasMerchantReturnPolicy\":{\"@type\":\"MerchantReturnPolicy\",\"merchantReturnLink\":\"https:\\\/\\\/colobar.ca\\\/politiques-de-vente\\\/\"},\"address\":{\"@id\":\"https:\\\/\\\/colobar.ca\\\/en\\\/produits\\\/wood-treatment\\\/wax\\\/traditional-cabinetmakers-buffing-wax\\\/#local-main-place-address\"},\"geo\":{\"@type\":\"GeoCoordinates\",\"latitude\":\"45.56725\",\"longitude\":\"-73.68827399999999\"},\"telephone\":[\"4506677200\",\"18446657200\"],\"contactPoint\":{\"@type\":\"ContactPoint\",\"telephone\":\"18446657200\",\"email\":\"info@colobar.ca\"},\"openingHoursSpecification\":[{\"@type\":\"OpeningHoursSpecification\",\"dayOfWeek\":[\"Monday\",\"Tuesday\",\"Wednesday\",\"Thursday\",\"Friday\"],\"opens\":\"09:00\",\"closes\":\"16:00\"},{\"@type\":\"OpeningHoursSpecification\",\"dayOfWeek\":[\"Saturday\",\"Sunday\"],\"opens\":\"00:00\",\"closes\":\"00:00\"}],\"email\":\"info@colobar.ca\",\"areaServed\":\"Grand Montr\u00e9al\",\"priceRange\":\"$$\",\"paymentAccepted\":\"Comptant, Visa, Mastercard, APPLE PAY\"},{\"@type\":\"PostalAddress\",\"@id\":\"https:\\\/\\\/colobar.ca\\\/en\\\/produits\\\/wood-treatment\\\/wax\\\/traditional-cabinetmakers-buffing-wax\\\/#local-main-place-address\",\"streetAddress\":\"357 boul. des Laurentides\",\"addressLocality\":\"Laval\",\"postalCode\":\"H7G 2T9\",\"addressRegion\":\"Qu\u00e9bec\",\"addressCountry\":\"CA\"},{\"@type\":\"ImageObject\",\"inLanguage\":\"en-US\",\"@id\":\"https:\\\/\\\/colobar.ca\\\/en\\\/produits\\\/wood-treatment\\\/wax\\\/traditional-cabinetmakers-buffing-wax\\\/#local-main-organization-logo\",\"url\":\"https:\\\/\\\/colobar.ca\\\/wp-content\\\/uploads\\\/cropped-logo-colobar-copy.png\",\"contentUrl\":\"https:\\\/\\\/colobar.ca\\\/wp-content\\\/uploads\\\/cropped-logo-colobar-copy.png\",\"width\":512,\"height\":512,\"caption\":\"Colobar\"}]}<\/script>\n<meta property=\"product:brand\" content=\"Traditional Cabinetmakers\" \/>\n<meta property=\"og:availability\" content=\"instock\" \/>\n<meta property=\"product:availability\" content=\"instock\" \/>\n<meta property=\"product:condition\" content=\"new\" \/>\n<meta name=\"geo.placename\" content=\"Laval\" \/>\n<meta name=\"geo.position\" content=\"45.56725;-73.68827399999999\" \/>\n<meta name=\"geo.region\" content=\"Canada\" \/>\n<!-- \/ Yoast SEO Premium plugin. -->","yoast_head_json":{"title":"Traditional Cabinetmakers' Buffing Wax","description":"Formulated with beeswax and Candelilla wax, the Buffing Wax imparts a beautiful shine to all your indoor furniture and woodwork.","robots":{"index":"index","follow":"follow","max-snippet":"max-snippet:-1","max-image-preview":"max-image-preview:large","max-video-preview":"max-video-preview:-1"},"canonical":"https:\/\/colobar.ca\/en\/produits\/wood-treatment\/wax\/traditional-cabinetmakers-buffing-wax\/","og_locale":"en_US","og_type":"article","og_title":"Traditional Cabinetmakers' Buffing Wax","og_description":"Estimated Delivery: 3-4 business days  In-store pickup available","og_url":"https:\/\/colobar.ca\/en\/produits\/wood-treatment\/wax\/traditional-cabinetmakers-buffing-wax\/","og_site_name":"Colobar","article_publisher":"https:\/\/www.facebook.com\/colobar\/","article_modified_time":"2026-05-11T19:42:10+00:00","og_image":[{"width":600,"height":600,"url":"https:\/\/colobar.ca\/wp-content\/uploads\/cire-a-patine-des-anciens-ebenistes-1.jpg","type":"image\/jpeg"}],"twitter_misc":{"Availability":"In stock"},"schema":{"@context":"https:\/\/schema.org","@graph":[{"@type":["WebPage","ItemPage"],"@id":"https:\/\/colobar.ca\/en\/produits\/wood-treatment\/wax\/traditional-cabinetmakers-buffing-wax\/","url":"https:\/\/colobar.ca\/en\/produits\/wood-treatment\/wax\/traditional-cabinetmakers-buffing-wax\/","name":"Traditional Cabinetmakers' Buffing Wax","isPartOf":{"@id":"https:\/\/colobar.ca\/en\/#website"},"primaryImageOfPage":{"@id":"https:\/\/colobar.ca\/en\/produits\/wood-treatment\/wax\/traditional-cabinetmakers-buffing-wax\/#primaryimage"},"image":{"@id":"https:\/\/colobar.ca\/en\/produits\/wood-treatment\/wax\/traditional-cabinetmakers-buffing-wax\/#primaryimage"},"thumbnailUrl":"https:\/\/colobar.ca\/wp-content\/uploads\/cire-a-patine-des-anciens-ebenistes-1.jpg","datePublished":"2018-04-18T16:10:07+00:00","dateModified":"2026-05-11T19:42:10+00:00","description":"Formulated with beeswax and Candelilla wax, the Buffing Wax imparts a beautiful shine to all your indoor furniture and woodwork.","breadcrumb":{"@id":"https:\/\/colobar.ca\/en\/produits\/wood-treatment\/wax\/traditional-cabinetmakers-buffing-wax\/#breadcrumb"},"inLanguage":"en-US","potentialAction":[{"@type":"ReadAction","target":["https:\/\/colobar.ca\/en\/produits\/wood-treatment\/wax\/traditional-cabinetmakers-buffing-wax\/"]}]},{"@type":"ImageObject","inLanguage":"en-US","@id":"https:\/\/colobar.ca\/en\/produits\/wood-treatment\/wax\/traditional-cabinetmakers-buffing-wax\/#primaryimage","url":"https:\/\/colobar.ca\/wp-content\/uploads\/cire-a-patine-des-anciens-ebenistes-1.jpg","contentUrl":"https:\/\/colobar.ca\/wp-content\/uploads\/cire-a-patine-des-anciens-ebenistes-1.jpg","width":600,"height":600},{"@type":"BreadcrumbList","@id":"https:\/\/colobar.ca\/en\/produits\/wood-treatment\/wax\/traditional-cabinetmakers-buffing-wax\/#breadcrumb","itemListElement":[{"@type":"ListItem","position":1,"name":"Shop","item":"https:\/\/colobar.ca\/en\/shop\/"},{"@type":"ListItem","position":2,"name":"Traditional Cabinetmakers&rsquo; Buffing Wax"}]},{"@type":"WebSite","@id":"https:\/\/colobar.ca\/en\/#website","url":"https:\/\/colobar.ca\/en\/","name":"Colobar","description":"Painting and Decorating for Individuals and Businesses","publisher":{"@id":"https:\/\/colobar.ca\/en\/#organization"},"potentialAction":[{"@type":"SearchAction","target":{"@type":"EntryPoint","urlTemplate":"https:\/\/colobar.ca\/en\/?s={search_term_string}"},"query-input":{"@type":"PropertyValueSpecification","valueRequired":true,"valueName":"search_term_string"}}],"inLanguage":"en-US"},{"@type":["Organization","Place","HomeAndConstructionBusiness"],"@id":"https:\/\/colobar.ca\/en\/#organization","name":"Colobar","url":"https:\/\/colobar.ca\/en\/","logo":{"@id":"https:\/\/colobar.ca\/en\/produits\/wood-treatment\/wax\/traditional-cabinetmakers-buffing-wax\/#local-main-organization-logo"},"image":{"@id":"https:\/\/colobar.ca\/en\/produits\/wood-treatment\/wax\/traditional-cabinetmakers-buffing-wax\/#local-main-organization-logo"},"sameAs":["https:\/\/www.facebook.com\/colobar\/","https:\/\/www.pinterest.ca\/colobar\/","https:\/\/www.youtube.com\/colobartv"],"description":"Magasin de peinture & d\u00e9coration sp\u00e9cialis\u00e9 dans la peinture, traitement du bois, rev\u00eatement \u00e9poxy, et la d\u00e9coration. Designer sur place.","legalName":"Colobar Peinture & D\u00e9coration","foundingDate":"1959-10-01","numberOfEmployees":{"@type":"QuantitativeValue","minValue":"11","maxValue":"50"},"hasMerchantReturnPolicy":{"@type":"MerchantReturnPolicy","merchantReturnLink":"https:\/\/colobar.ca\/politiques-de-vente\/"},"address":{"@id":"https:\/\/colobar.ca\/en\/produits\/wood-treatment\/wax\/traditional-cabinetmakers-buffing-wax\/#local-main-place-address"},"geo":{"@type":"GeoCoordinates","latitude":"45.56725","longitude":"-73.68827399999999"},"telephone":["4506677200","18446657200"],"contactPoint":{"@type":"ContactPoint","telephone":"18446657200","email":"info@colobar.ca"},"openingHoursSpecification":[{"@type":"OpeningHoursSpecification","dayOfWeek":["Monday","Tuesday","Wednesday","Thursday","Friday"],"opens":"09:00","closes":"16:00"},{"@type":"OpeningHoursSpecification","dayOfWeek":["Saturday","Sunday"],"opens":"00:00","closes":"00:00"}],"email":"info@colobar.ca","areaServed":"Grand Montr\u00e9al","priceRange":"$$","paymentAccepted":"Comptant, Visa, Mastercard, APPLE PAY"},{"@type":"PostalAddress","@id":"https:\/\/colobar.ca\/en\/produits\/wood-treatment\/wax\/traditional-cabinetmakers-buffing-wax\/#local-main-place-address","streetAddress":"357 boul. des Laurentides","addressLocality":"Laval","postalCode":"H7G 2T9","addressRegion":"Qu\u00e9bec","addressCountry":"CA"},{"@type":"ImageObject","inLanguage":"en-US","@id":"https:\/\/colobar.ca\/en\/produits\/wood-treatment\/wax\/traditional-cabinetmakers-buffing-wax\/#local-main-organization-logo","url":"https:\/\/colobar.ca\/wp-content\/uploads\/cropped-logo-colobar-copy.png","contentUrl":"https:\/\/colobar.ca\/wp-content\/uploads\/cropped-logo-colobar-copy.png","width":512,"height":512,"caption":"Colobar"}]},"product_brand":"Traditional Cabinetmakers","og_availability":"instock","product_availability":"instock","product_condition":"new","geo.placename":"Laval","geo.position":{"lat":"45.56725","long":"-73.68827399999999"},"geo.region":"Canada"},"_links":{"self":[{"href":"https:\/\/colobar.ca\/en\/wp-json\/wp\/v2\/product\/155359","targetHints":{"allow":["GET"]}}],"collection":[{"href":"https:\/\/colobar.ca\/en\/wp-json\/wp\/v2\/product"}],"about":[{"href":"https:\/\/colobar.ca\/en\/wp-json\/wp\/v2\/types\/product"}],"replies":[{"embeddable":true,"href":"https:\/\/colobar.ca\/en\/wp-json\/wp\/v2\/comments?post=155359"}],"wp:featuredmedia":[{"embeddable":true,"href":"https:\/\/colobar.ca\/en\/wp-json\/wp\/v2\/media\/20609"}],"wp:attachment":[{"href":"https:\/\/colobar.ca\/en\/wp-json\/wp\/v2\/media?parent=155359"}],"wp:term":[{"taxonomy":"product_brand","embeddable":true,"href":"https:\/\/colobar.ca\/en\/wp-json\/wp\/v2\/product_brand?post=155359"},{"taxonomy":"product_cat","embeddable":true,"href":"https:\/\/colobar.ca\/en\/wp-json\/wp\/v2\/product_cat?post=155359"},{"taxonomy":"product_tag","embeddable":true,"href":"https:\/\/colobar.ca\/en\/wp-json\/wp\/v2\/product_tag?post=155359"}],"curies":[{"name":"wp","href":"https:\/\/api.w.org\/{rel}","templated":true}]}}